{"id":11146,"date":"2023-07-13T16:54:29","date_gmt":"2023-07-13T14:54:29","guid":{"rendered":"https:\/\/campingdulacdecazaux.fr\/puntuacion-maxima\/"},"modified":"2024-05-30T11:35:37","modified_gmt":"2024-05-30T09:35:37","slug":"informacion-legal","status":"publish","type":"page","link":"https:\/\/campingdulacdecazaux.fr\/es\/informacion-legal\/","title":{"rendered":"Informaci\u00f3n legal"},"content":{"rendered":"\n<div class=\"wp-block-group is-layout-constrained wp-container-core-group-is-layout-9ff30091 wp-block-group-is-layout-constrained\" style=\"margin-top:var(--wp--preset--spacing--80);margin-bottom:var(--wp--preset--spacing--80);padding-top:var(--wp--preset--spacing--60);padding-bottom:var(--wp--preset--spacing--60)\">\n<h1 class=\"wp-block-heading alignwide has-text-align-center has-link-color-color has-text-color has-x-large-font-size\" style=\"margin-top:var(--wp--preset--spacing--60);margin-right:var(--wp--preset--spacing--60);margin-bottom:var(--wp--preset--spacing--60);margin-left:var(--wp--preset--spacing--60);padding-top:var(--wp--preset--spacing--60);padding-right:var(--wp--preset--spacing--60);padding-bottom:var(--wp--preset--spacing--60);padding-left:var(--wp--preset--spacing--60);text-transform:capitalize\">Informaci\u00f3n legal<\/h1>\n\n\n\n<p class=\"has-text-align-center\">Consulta a continuaci\u00f3n los avisos legales del sitio web de nuestro camping.<\/p>\n\n\n\n<h2 class=\"wp-block-heading has-text-align-center\">EDITOR DEL SITIO WEB<\/h2>\n\n\n\n<p class=\"has-text-align-center\">Empresa: Bel air village le Lac de Cazaux<br\/>N\u00famero SIRET: 79385312800312<br\/>N\u00daMERO DE SIRENA: 793 853 128<br\/>C\u00f3digo APE: <em>5530Z<\/em><br\/>Direcci\u00f3n: 74 rue Osmin Dupuy, 33260 Cazaux<br\/>Correo electr\u00f3nico : campinglacdecazaux@alphacamping.fr<br\/>Director de la publicaci\u00f3n : Alpha Camping<\/p>\n\n\n\n<h2 class=\"wp-block-heading has-text-align-center\">PRODUCCI\u00d3N<\/h2>\n\n\n\n<p class=\"has-text-align-center\"><strong>GEEK TONIC<\/strong>, Representada por el Sr. Yohan Darmayan en calidad de Gerente<br\/>Domicilio social: 50 Avenue du Lac Marion 64200 Biarritz<br\/>Tel.: 05 32 74 11 52<br\/>Correo electr\u00f3nico: support@geek-tonic.com<br\/>P\u00e1gina web: <a href=\"https:\/\/www.geek-tonic.com\/\" target=\"_blank\" rel=\"noreferrer noopener\">www.geek-tonic.com<\/a><br\/>SIRET: 89746755100015<br\/>APE : 6201Z<\/p>\n\n\n\n<h2 class=\"wp-block-heading has-text-align-center\">DERECHOS DE AUTOR Y COPYRIGHT<\/h2>\n\n\n\n<p class=\"has-text-align-center\">Todo el contenido de este sitio est\u00e1 sujeto a derechos de autor y de propiedad intelectual seg\u00fan la legislaci\u00f3n francesa.<br\/>Queda prohibida cualquier reproducci\u00f3n (incluidas fotos, iconos y documentos descargables) sin el consentimiento previo de GEEK TONIC.<br\/>Queda prohibida la reproducci\u00f3n en un soporte electr\u00f3nico de la totalidad o parte del sitio en formato papel o electr\u00f3nico.<br\/>GEEK TONIC no acepta ninguna responsabilidad por el contenido del sitio web.<br\/>GEEK TONIC declina asimismo toda responsabilidad por los enlaces externos que apunten a este sitio.<\/p>\n\n\n\n<h2 class=\"wp-block-heading has-text-align-center\">DATOS PERSONALES E INFORMACI\u00d3N NOMINATIVA<\/h2>\n\n\n\n<p class=\"has-text-align-center\">Tienes derecho a acceder, modificar, rectificar y suprimir los datos que te conciernen, de conformidad con el art\u00edculo 34 de la Ley francesa de Protecci\u00f3n de Datos (Loi &#8220;Informatique et Libert\u00e9s&#8221;) n\u00ba 78-17 de 6 de enero de 1978, modificada el 6 de agosto de 2018.<br\/>Para ejercer tu derecho de acceso, s\u00f3lo tienes que enviar una solicitud por escrito al editor del sitio.<\/p>\n\n\n\n<h2 class=\"wp-block-heading has-text-align-center\">LEGISLACI\u00d3N<\/h2>\n\n\n\n<p class=\"has-text-align-center\">De conformidad con la ley de 11 de marzo de 1957 (art. 41) y el c\u00f3digo de la propiedad intelectual de 1 de julio de 1992, est\u00e1 prohibida la reproducci\u00f3n total o parcial del sitio sin autorizaci\u00f3n previa del editor del sitio.<br\/>Los logotipos, elementos visuales, fotos, v\u00eddeos, cuadros gr\u00e1ficos y textos son propiedad de sus respectivos due\u00f1os.<br\/>Este sitio puede, sin su conocimiento, haber sido vinculado a otros sitios mediante enlaces hipermedia. El editor del sitio no acepta ninguna responsabilidad por la informaci\u00f3n presentada en estos otros sitios.<br\/>Los internautas reconocen que la utilizaci\u00f3n de este sitio se rige por la legislaci\u00f3n francesa.<\/p>\n<\/div>\n","protected":false},"excerpt":{"rendered":"<p>Informaci\u00f3n legal Consulta a continuaci\u00f3n los avisos legales del sitio web de nuestro camping. EDITOR DEL SITIO WEB Empresa: Bel air village le Lac de CazauxN\u00famero SIRET: 79385312800312N\u00daMERO DE SIRENA: 793 853 128C\u00f3digo APE: 5530ZDirecci\u00f3n: 74 rue Osmin Dupuy, 33260 CazauxCorreo electr\u00f3nico : campinglacdecazaux@alphacamping.frDirector de la publicaci\u00f3n : Alpha Camping PRODUCCI\u00d3N GEEK TONIC, Representada por [&hellip;]<\/p>\n","protected":false},"author":1,"featured_media":11148,"parent":0,"menu_order":17,"comment_status":"closed","ping_status":"closed","template":"","meta":{"_acf_changed":false,"footnotes":""},"class_list":["post-11146","page","type-page","status-publish","has-post-thumbnail","hentry"],"acf":[],"yoast_head":"<!-- This site is optimized with the Yoast SEO plugin v24.8.1 - https:\/\/yoast.com\/wordpress\/plugins\/seo\/ -->\n<title>Informaci\u00f3n legal - Camping Bel air Village Lac de Cazaux - Site Officiel - Meilleur Prix Garanti<\/title>\n<meta name=\"description\" content=\"Informaci\u00f3n legal Consulta a continuaci\u00f3n los avisos legales del sitio web de nuestro camping. EDITOR DEL SITIO WEB Empresa: Bel air village le Lac de\" \/>\n<meta name=\"robots\" content=\"noindex, nofollow\" \/>\n<meta property=\"og:locale\" content=\"es_ES\" \/>\n<meta property=\"og:type\" content=\"article\" \/>\n<meta property=\"og:title\" content=\"Informaci\u00f3n legal - Camping Bel air Village Lac de Cazaux - Site Officiel - Meilleur Prix Garanti\" \/>\n<meta property=\"og:description\" content=\"Informaci\u00f3n legal Consulta a continuaci\u00f3n los avisos legales del sitio web de nuestro camping. EDITOR DEL SITIO WEB Empresa: Bel air village le Lac de\" \/>\n<meta property=\"og:url\" content=\"https:\/\/campingdulacdecazaux.fr\/es\/informacion-legal\/\" \/>\n<meta property=\"og:site_name\" content=\"Camping Bel air Village Lac de Cazaux - Site Officiel - Meilleur Prix Garanti\" \/>\n<meta property=\"article:modified_time\" content=\"2024-05-30T09:35:37+00:00\" \/>\n<meta property=\"og:image\" content=\"https:\/\/campingdulacdecazaux.fr\/wp-content\/uploads\/sites\/68\/2024\/03\/BAV-Le-Brabois_08092023_146_1_0_resultat.webp\" \/>\n\t<meta property=\"og:image:width\" content=\"1800\" \/>\n\t<meta property=\"og:image:height\" content=\"1200\" \/>\n\t<meta property=\"og:image:type\" content=\"image\/webp\" \/>\n<meta name=\"twitter:card\" content=\"summary_large_image\" \/>\n<meta name=\"twitter:label1\" content=\"Tiempo de lectura\" \/>\n\t<meta name=\"twitter:data1\" content=\"2 minutos\" \/>\n<script type=\"application\/ld+json\" class=\"yoast-schema-graph\">{\"@context\":\"https:\/\/schema.org\",\"@graph\":[{\"@type\":\"WebPage\",\"@id\":\"https:\/\/campingdulacdecazaux.fr\/es\/informacion-legal\/\",\"url\":\"https:\/\/campingdulacdecazaux.fr\/es\/informacion-legal\/\",\"name\":\"Informaci\u00f3n legal - Camping Bel air Village Lac de Cazaux - Site Officiel - Meilleur Prix Garanti\",\"isPartOf\":{\"@id\":\"https:\/\/campingdulacdecazaux.fr\/es\/#website\"},\"primaryImageOfPage\":{\"@id\":\"https:\/\/campingdulacdecazaux.fr\/es\/informacion-legal\/#primaryimage\"},\"image\":{\"@id\":\"https:\/\/campingdulacdecazaux.fr\/es\/informacion-legal\/#primaryimage\"},\"thumbnailUrl\":\"https:\/\/campingdulacdecazaux.fr\/wp-content\/uploads\/sites\/68\/2024\/03\/BAV-Le-Brabois_08092023_146_1_0_resultat.webp\",\"datePublished\":\"2023-07-13T14:54:29+00:00\",\"dateModified\":\"2024-05-30T09:35:37+00:00\",\"description\":\"Informaci\u00f3n legal Consulta a continuaci\u00f3n los avisos legales del sitio web de nuestro camping. EDITOR DEL SITIO WEB Empresa: Bel air village le Lac de\",\"breadcrumb\":{\"@id\":\"https:\/\/campingdulacdecazaux.fr\/es\/informacion-legal\/#breadcrumb\"},\"inLanguage\":\"es\",\"potentialAction\":[{\"@type\":\"ReadAction\",\"target\":[\"https:\/\/campingdulacdecazaux.fr\/es\/informacion-legal\/\"]}]},{\"@type\":\"ImageObject\",\"inLanguage\":\"es\",\"@id\":\"https:\/\/campingdulacdecazaux.fr\/es\/informacion-legal\/#primaryimage\",\"url\":\"https:\/\/campingdulacdecazaux.fr\/wp-content\/uploads\/sites\/68\/2024\/03\/BAV-Le-Brabois_08092023_146_1_0_resultat.webp\",\"contentUrl\":\"https:\/\/campingdulacdecazaux.fr\/wp-content\/uploads\/sites\/68\/2024\/03\/BAV-Le-Brabois_08092023_146_1_0_resultat.webp\",\"width\":1800,\"height\":1200,\"caption\":\"casa m\u00f3vil\"},{\"@type\":\"BreadcrumbList\",\"@id\":\"https:\/\/campingdulacdecazaux.fr\/es\/informacion-legal\/#breadcrumb\",\"itemListElement\":[{\"@type\":\"ListItem\",\"position\":1,\"name\":\"Bel air Village Lac de Cazaux\",\"item\":\"http:\/\/campingdulacdecazaux.fr\/es\/\"},{\"@type\":\"ListItem\",\"position\":2,\"name\":\"Informaci\u00f3n legal\"}]},{\"@type\":\"WebSite\",\"@id\":\"https:\/\/campingdulacdecazaux.fr\/es\/#website\",\"url\":\"https:\/\/campingdulacdecazaux.fr\/es\/\",\"name\":\"Camping Bel air Village Lac de Cazaux - Site Officiel - Meilleur Prix Garanti\",\"description\":\"\",\"publisher\":{\"@id\":\"https:\/\/campingdulacdecazaux.fr\/es\/#organization\"},\"potentialAction\":[{\"@type\":\"SearchAction\",\"target\":{\"@type\":\"EntryPoint\",\"urlTemplate\":\"https:\/\/campingdulacdecazaux.fr\/es\/?s={search_term_string}\"},\"query-input\":{\"@type\":\"PropertyValueSpecification\",\"valueRequired\":true,\"valueName\":\"search_term_string\"}}],\"inLanguage\":\"es\"},{\"@type\":\"Organization\",\"@id\":\"https:\/\/campingdulacdecazaux.fr\/es\/#organization\",\"name\":\"Camping Bel air Village Lac de Cazaux - Site Officiel - Meilleur Prix Garanti\",\"url\":\"https:\/\/campingdulacdecazaux.fr\/es\/\",\"logo\":{\"@type\":\"ImageObject\",\"inLanguage\":\"es\",\"@id\":\"https:\/\/campingdulacdecazaux.fr\/es\/#\/schema\/logo\/image\/\",\"url\":\"https:\/\/campingdulacdecazaux.fr\/wp-content\/uploads\/sites\/68\/2024\/03\/logo-cazaux.png\",\"contentUrl\":\"https:\/\/campingdulacdecazaux.fr\/wp-content\/uploads\/sites\/68\/2024\/03\/logo-cazaux.png\",\"width\":2048,\"height\":847,\"caption\":\"Camping Bel air Village Lac de Cazaux - Site Officiel - Meilleur Prix Garanti\"},\"image\":{\"@id\":\"https:\/\/campingdulacdecazaux.fr\/es\/#\/schema\/logo\/image\/\"}}]}<\/script>\n<!-- \/ Yoast SEO plugin. -->","yoast_head_json":{"title":"Informaci\u00f3n legal - Camping Bel air Village Lac de Cazaux - Site Officiel - Meilleur Prix Garanti","description":"Informaci\u00f3n legal Consulta a continuaci\u00f3n los avisos legales del sitio web de nuestro camping. EDITOR DEL SITIO WEB Empresa: Bel air village le Lac de","robots":{"index":"noindex","follow":"nofollow"},"og_locale":"es_ES","og_type":"article","og_title":"Informaci\u00f3n legal - Camping Bel air Village Lac de Cazaux - Site Officiel - Meilleur Prix Garanti","og_description":"Informaci\u00f3n legal Consulta a continuaci\u00f3n los avisos legales del sitio web de nuestro camping. EDITOR DEL SITIO WEB Empresa: Bel air village le Lac de","og_url":"https:\/\/campingdulacdecazaux.fr\/es\/informacion-legal\/","og_site_name":"Camping Bel air Village Lac de Cazaux - Site Officiel - Meilleur Prix Garanti","article_modified_time":"2024-05-30T09:35:37+00:00","og_image":[{"width":1800,"height":1200,"url":"https:\/\/campingdulacdecazaux.fr\/wp-content\/uploads\/sites\/68\/2024\/03\/BAV-Le-Brabois_08092023_146_1_0_resultat.webp","type":"image\/webp"}],"twitter_card":"summary_large_image","twitter_misc":{"Tiempo de lectura":"2 minutos"},"schema":{"@context":"https:\/\/schema.org","@graph":[{"@type":"WebPage","@id":"https:\/\/campingdulacdecazaux.fr\/es\/informacion-legal\/","url":"https:\/\/campingdulacdecazaux.fr\/es\/informacion-legal\/","name":"Informaci\u00f3n legal - Camping Bel air Village Lac de Cazaux - Site Officiel - Meilleur Prix Garanti","isPartOf":{"@id":"https:\/\/campingdulacdecazaux.fr\/es\/#website"},"primaryImageOfPage":{"@id":"https:\/\/campingdulacdecazaux.fr\/es\/informacion-legal\/#primaryimage"},"image":{"@id":"https:\/\/campingdulacdecazaux.fr\/es\/informacion-legal\/#primaryimage"},"thumbnailUrl":"https:\/\/campingdulacdecazaux.fr\/wp-content\/uploads\/sites\/68\/2024\/03\/BAV-Le-Brabois_08092023_146_1_0_resultat.webp","datePublished":"2023-07-13T14:54:29+00:00","dateModified":"2024-05-30T09:35:37+00:00","description":"Informaci\u00f3n legal Consulta a continuaci\u00f3n los avisos legales del sitio web de nuestro camping. EDITOR DEL SITIO WEB Empresa: Bel air village le Lac de","breadcrumb":{"@id":"https:\/\/campingdulacdecazaux.fr\/es\/informacion-legal\/#breadcrumb"},"inLanguage":"es","potentialAction":[{"@type":"ReadAction","target":["https:\/\/campingdulacdecazaux.fr\/es\/informacion-legal\/"]}]},{"@type":"ImageObject","inLanguage":"es","@id":"https:\/\/campingdulacdecazaux.fr\/es\/informacion-legal\/#primaryimage","url":"https:\/\/campingdulacdecazaux.fr\/wp-content\/uploads\/sites\/68\/2024\/03\/BAV-Le-Brabois_08092023_146_1_0_resultat.webp","contentUrl":"https:\/\/campingdulacdecazaux.fr\/wp-content\/uploads\/sites\/68\/2024\/03\/BAV-Le-Brabois_08092023_146_1_0_resultat.webp","width":1800,"height":1200,"caption":"casa m\u00f3vil"},{"@type":"BreadcrumbList","@id":"https:\/\/campingdulacdecazaux.fr\/es\/informacion-legal\/#breadcrumb","itemListElement":[{"@type":"ListItem","position":1,"name":"Bel air Village Lac de Cazaux","item":"http:\/\/campingdulacdecazaux.fr\/es\/"},{"@type":"ListItem","position":2,"name":"Informaci\u00f3n legal"}]},{"@type":"WebSite","@id":"https:\/\/campingdulacdecazaux.fr\/es\/#website","url":"https:\/\/campingdulacdecazaux.fr\/es\/","name":"Camping Bel air Village Lac de Cazaux - Site Officiel - Meilleur Prix Garanti","description":"","publisher":{"@id":"https:\/\/campingdulacdecazaux.fr\/es\/#organization"},"potentialAction":[{"@type":"SearchAction","target":{"@type":"EntryPoint","urlTemplate":"https:\/\/campingdulacdecazaux.fr\/es\/?s={search_term_string}"},"query-input":{"@type":"PropertyValueSpecification","valueRequired":true,"valueName":"search_term_string"}}],"inLanguage":"es"},{"@type":"Organization","@id":"https:\/\/campingdulacdecazaux.fr\/es\/#organization","name":"Camping Bel air Village Lac de Cazaux - Site Officiel - Meilleur Prix Garanti","url":"https:\/\/campingdulacdecazaux.fr\/es\/","logo":{"@type":"ImageObject","inLanguage":"es","@id":"https:\/\/campingdulacdecazaux.fr\/es\/#\/schema\/logo\/image\/","url":"https:\/\/campingdulacdecazaux.fr\/wp-content\/uploads\/sites\/68\/2024\/03\/logo-cazaux.png","contentUrl":"https:\/\/campingdulacdecazaux.fr\/wp-content\/uploads\/sites\/68\/2024\/03\/logo-cazaux.png","width":2048,"height":847,"caption":"Camping Bel air Village Lac de Cazaux - Site Officiel - Meilleur Prix Garanti"},"image":{"@id":"https:\/\/campingdulacdecazaux.fr\/es\/#\/schema\/logo\/image\/"}}]}},"_links":{"self":[{"href":"https:\/\/campingdulacdecazaux.fr\/es\/wp-json\/wp\/v2\/pages\/11146","targetHints":{"allow":["GET"]}}],"collection":[{"href":"https:\/\/campingdulacdecazaux.fr\/es\/wp-json\/wp\/v2\/pages"}],"about":[{"href":"https:\/\/campingdulacdecazaux.fr\/es\/wp-json\/wp\/v2\/types\/page"}],"author":[{"embeddable":true,"href":"https:\/\/campingdulacdecazaux.fr\/es\/wp-json\/wp\/v2\/users\/1"}],"replies":[{"embeddable":true,"href":"https:\/\/campingdulacdecazaux.fr\/es\/wp-json\/wp\/v2\/comments?post=11146"}],"version-history":[{"count":3,"href":"https:\/\/campingdulacdecazaux.fr\/es\/wp-json\/wp\/v2\/pages\/11146\/revisions"}],"predecessor-version":[{"id":11948,"href":"https:\/\/campingdulacdecazaux.fr\/es\/wp-json\/wp\/v2\/pages\/11146\/revisions\/11948"}],"wp:featuredmedia":[{"embeddable":true,"href":"https:\/\/campingdulacdecazaux.fr\/es\/wp-json\/wp\/v2\/media\/11148"}],"wp:attachment":[{"href":"https:\/\/campingdulacdecazaux.fr\/es\/wp-json\/wp\/v2\/media?parent=11146"}],"curies":[{"name":"wp","href":"https:\/\/api.w.org\/{rel}","templated":true}]}}