{"id":11236,"date":"2023-07-13T09:35:43","date_gmt":"2023-07-13T07:35:43","guid":{"rendered":"https:\/\/campingdulacdecazaux.fr\/politica-de-privacidad\/"},"modified":"2024-05-30T11:09:03","modified_gmt":"2024-05-30T09:09:03","slug":"politica-de-privacidad","status":"publish","type":"page","link":"https:\/\/campingdulacdecazaux.fr\/es\/politica-de-privacidad\/","title":{"rendered":"Pol\u00edtica de privacidad"},"content":{"rendered":"\n<div class=\"wp-block-group is-layout-constrained wp-container-core-group-is-layout-9ff30091 wp-block-group-is-layout-constrained\" style=\"margin-top:var(--wp--preset--spacing--80);margin-bottom:var(--wp--preset--spacing--80);padding-top:var(--wp--preset--spacing--60);padding-bottom:var(--wp--preset--spacing--60)\">\n<h1 class=\"wp-block-heading alignwide has-text-align-center has-link-color-color has-text-color has-x-large-font-size\" style=\"margin-top:var(--wp--preset--spacing--60);margin-right:var(--wp--preset--spacing--60);margin-bottom:var(--wp--preset--spacing--60);margin-left:var(--wp--preset--spacing--60);padding-top:var(--wp--preset--spacing--60);padding-right:var(--wp--preset--spacing--60);padding-bottom:var(--wp--preset--spacing--60);padding-left:var(--wp--preset--spacing--60);text-transform:capitalize\">Nuestra pol\u00edtica de privacidad<\/h1>\n\n\n\n<h2 class=\"wp-block-heading\">POL\u00cdTICA DE PRIVACIDAD<\/h2>\n\n\n\n<p>Esta pol\u00edtica de privacidad describe los datos personales que se recogen o generan (procesan) cuando utilizas el sitio web. Esta Pol\u00edtica de Privacidad describe los tipos de datos personales recogidos cuando utilizas nuestro sitio y c\u00f3mo se utilizan, comparten y protegen tus datos personales. Tambi\u00e9n explica las opciones que tienes con respecto a tus datos personales y c\u00f3mo ponerte en contacto con nosotros.<\/p>\n\n\n\n<h2 class=\"wp-block-heading\">\u00cdndice<\/h2>\n\n\n\n<ul class=\"wp-block-list\">\n<li><a href=\"https:\/\/campingdulacdecazaux.fr\/es\/politica-de-privacidad\/#gdpr-1\">\u00bfQui\u00e9nes somos?<\/a><\/li>\n\n\n\n<li><a href=\"https:\/\/campingdulacdecazaux.fr\/es\/politica-de-privacidad\/#gdpr-2\">Uso de los datos personales recogidos<\/a><\/li>\n\n\n\n<li><a href=\"https:\/\/campingdulacdecazaux.fr\/es\/politica-de-privacidad\/#gdpr-3\">Comentarios<\/a><\/li>\n\n\n\n<li><a href=\"https:\/\/campingdulacdecazaux.fr\/es\/politica-de-privacidad\/#gdpr-4\">Media<\/a><\/li>\n\n\n\n<li><a href=\"https:\/\/campingdulacdecazaux.fr\/es\/politica-de-privacidad\/#gdpr-5\">Formularios de contacto<\/a><\/li>\n\n\n\n<li><a href=\"https:\/\/campingdulacdecazaux.fr\/es\/politica-de-privacidad\/#gdpr-6\">Uso de cookies<\/a><\/li>\n\n\n\n<li><a href=\"https:\/\/campingdulacdecazaux.fr\/es\/politica-de-privacidad\/#gdpr-7\">Estad\u00edsticas y medici\u00f3n de audiencias<\/a><\/li>\n\n\n\n<li><a href=\"https:\/\/campingdulacdecazaux.fr\/es\/politica-de-privacidad\/#gdpr-8\">Periodos de almacenamiento de tus datos<\/a><\/li>\n\n\n\n<li><a href=\"https:\/\/campingdulacdecazaux.fr\/es\/politica-de-privacidad\/#gdpr-9\">Los derechos que tienes sobre tus datos<\/a><\/li>\n\n\n\n<li><a href=\"https:\/\/campingdulacdecazaux.fr\/es\/politica-de-privacidad\/#gdpr-10\">Transmisi\u00f3n de tus datos personales<\/a><\/li>\n\n\n\n<li><a href=\"https:\/\/campingdulacdecazaux.fr\/es\/politica-de-privacidad\/#gdpr-11\">C\u00f3mo protegemos tus datos<\/a><\/li>\n\n\n\n<li><a href=\"https:\/\/www.chausseliere.com\/politique-de-confidentialite\/#gdpr-12\">Informaci\u00f3n<\/a><a href=\"https:\/\/www.chausseliere.com\/https:\/\/www.chausseliere.com\/politique-de-confidentialite\/#gdpr-12\">o<\/a><a href=\"https:\/\/campingdulacdecazaux.fr\/es\/politica-de-privacidad\/#gdpr-12\">ns de contacto<\/a><\/li>\n<\/ul>\n\n\n\n<h2 class=\"wp-block-heading\" id=\"gdpr-1\">\u00bfQui\u00e9nes somos?<\/h2>\n\n\n\n<p>Desc\u00fabrelo todo sobre nosotros en la p\u00e1gina <a href=\"https:\/\/campingdulacdecazaux.fr\/es\/puntuacion-maxima\/\">de informaci\u00f3n legal<\/a>.<\/p>\n\n\n\n<h2 class=\"wp-block-heading\" id=\"gdpr-2\">Uso de los datos personales recogidos<\/h2>\n\n\n\n<p>No recopilamos autom\u00e1tica y directamente ning\u00fan dato sobre ti.<\/p>\n\n\n\n<p>No obstante, podemos recopilar informaci\u00f3n, incluida informaci\u00f3n personal, de terceros (v\u00e9ase la secci\u00f3n <a href=\"https:\/\/campingdulacdecazaux.fr\/es\/politica-de-privacidad\/#gdpr-5\">Cookies<\/a>).<\/p>\n\n\n\n<h2 class=\"wp-block-heading\" id=\"gdpr-3\">Comentarios<\/h2>\n\n\n\n<p>Cuando dejas un comentario en el sitio web de nuestro camping, se recogen los datos introducidos en el formulario de comentarios, as\u00ed como tu direcci\u00f3n IP y el agente de usuario de tu navegador, para ayudarnos a detectar comentarios no deseados.<\/p>\n\n\n\n<p>Se puede enviar una cadena anonimizada creada a partir de tu direcci\u00f3n de correo electr\u00f3nico (tambi\u00e9n conocida como hash) al servicio Gravatar para comprobar que la est\u00e1s utilizando. Las cl\u00e1usulas de confidencialidad de Gravatar est\u00e1n disponibles en https:\/\/automattic.com\/privacy\/. Una vez validado tu comentario, tu foto de perfil ser\u00e1 visible p\u00fablicamente junto a tu comentario.<\/p>\n\n\n\n<h2 class=\"wp-block-heading\" id=\"gdpr-4\">Media<\/h2>\n\n\n\n<p>Si eres un usuario registrado y subes im\u00e1genes al sitio web, te aconsejamos que evites subir im\u00e1genes que contengan datos EXIF de coordenadas GPS. Los visitantes de tu sitio web pueden descargar y extraer datos de localizaci\u00f3n de estas im\u00e1genes.<\/p>\n\n\n\n<h2 class=\"wp-block-heading\" id=\"gdpr-5\">Formularios de contacto<\/h2>\n\n\n\n<p>Puedes optar por facilitarnos informaci\u00f3n al rellenar un formulario. Esta informaci\u00f3n se nos enviar\u00e1 por correo electr\u00f3nico y no se almacenar\u00e1 m\u00e1s que en nuestro servicio de correo electr\u00f3nico; se utilizar\u00e1 con el \u00fanico fin de responder a tu solicitud. Si es probable que la informaci\u00f3n se utilice con fines comerciales, se indicar\u00e1 al final del formulario. Siempre te pediremos tu consentimiento cuando recojamos informaci\u00f3n a trav\u00e9s de un formulario.<\/p>\n\n\n\n<h2 class=\"wp-block-heading\" id=\"gdpr-6\">Uso de cookies<\/h2>\n\n\n\n<p><strong>\u00bfQu\u00e9 es una cookie?<\/strong><br\/>Una cookie es un peque\u00f1o archivo de datos que se transfiere a tu dispositivo y se almacena en \u00e9l. En t\u00e9rminos pr\u00e1cticos, una cookie nos permite, por ejemplo, reconocer tu navegador, tu idioma o almacenar tus preferencias.<br\/>En nuestro sitio se utilizan dos tipos de cookies: &#8220;cookies de sesi\u00f3n&#8221; y &#8220;cookies persistentes&#8221;. Las cookies de sesi\u00f3n caducan cuando cierras el navegador, mientras que las cookies persistentes permanecen en tu dispositivo una vez cerrado el navegador y pueden volver a utilizarse la pr\u00f3xima vez que visites nuestro sitio.<\/p>\n\n\n\n<p>M\u00e1s informaci\u00f3n en <a href=\"https:\/\/allaboutcookies.org\/fr\" rel=\"noreferrer noopener\" target=\"_blank\">allaboutcookies.org<\/a>.<\/p>\n\n\n\n<p><strong>Nuestras cookies<\/strong><\/p>\n\n\n\n<p>Si dejas un comentario en nuestro sitio, se te pedir\u00e1 que guardes tu nombre, direcci\u00f3n de correo electr\u00f3nico y sitio web en cookies. Esto es s\u00f3lo para tu comodidad, para que no tengas que introducir esta informaci\u00f3n si publicas otro comentario m\u00e1s tarde. Estas cookies caducan al cabo de un a\u00f1o.<\/p>\n\n\n\n<p>Si tienes una cuenta y te conectas a este sitio, se crear\u00e1 una cookie temporal para determinar si tu navegador acepta cookies. No contiene ning\u00fan dato personal y se borrar\u00e1 autom\u00e1ticamente cuando cierres el navegador.<\/p>\n\n\n\n<p>Cuando te conectes, instalaremos una serie de cookies para registrar tus datos de acceso y tus preferencias de pantalla. La vida \u00fatil de una cookie de conexi\u00f3n es de dos d\u00edas, la de una cookie de opci\u00f3n de pantalla es de un a\u00f1o. Si marcas &#8220;Recordarme&#8221;, tu cookie de conexi\u00f3n se almacenar\u00e1 durante quince d\u00edas. Si cierras la sesi\u00f3n de tu cuenta, se borrar\u00e1 la cookie de conexi\u00f3n.<\/p>\n\n\n\n<p>Al modificar o publicar un art\u00edculo, se almacenar\u00e1 una cookie adicional en tu navegador. Esta cookie no contiene ning\u00fan dato personal. Simplemente indica el identificador del elemento que acabas de modificar. Caduca al cabo de un d\u00eda.<\/p>\n\n\n\n<p><strong>Cookies de terceros<\/strong><\/p>\n\n\n\n<p>Los art\u00edculos de este sitio pueden incluir contenido incrustado (por ejemplo, v\u00eddeos, im\u00e1genes, art\u00edculos, etc.). El contenido integrado desde otros sitios se comporta de la misma manera que si el visitante estuviera visitando ese otro sitio.<\/p>\n\n\n\n<p>Estos sitios web pueden recopilar datos sobre ti, utilizar cookies, incrustar herramientas de seguimiento de terceros y rastrear tus interacciones con este contenido incrustado si tienes una cuenta iniciada en su sitio web.<\/p>\n\n\n\n<p>Podemos autorizar a determinados socios comerciales a instalar tecnolog\u00edas en nuestro sitio. Estos socios utilizan estas tecnolog\u00edas para ayudarnos a analizar c\u00f3mo utilizas el sitio, por ejemplo, tomando nota de los servicios de terceros a trav\u00e9s de los cuales llegaste a la Plataforma, para comercializar y promocionar nuestros servicios en nuestro sitio y en sitios web de terceros, para ayudarnos a detectar y prevenir el fraude o realizar evaluaciones de riesgo, o para recopilar informaci\u00f3n sobre tus actividades en el sitio web.<\/p>\n\n\n\n<p>Nuestro sitio web puede utilizar plugins sociales proporcionados y gestionados por terceras empresas, como el bot\u00f3n &#8220;Me gusta&#8221; de Facebook. En consecuencia, puedes enviar al tercero informaci\u00f3n que veas en una secci\u00f3n concreta de nuestro sitio. Si no has iniciado sesi\u00f3n en tu cuenta con el tercero, \u00e9ste no conocer\u00e1 tu identidad. Si est\u00e1s conectado a tu cuenta con el tercero, \u00e9ste podr\u00e1 vincular informaci\u00f3n o acciones relacionadas con tus interacciones con nuestro sitio a la cuenta que tengas con el tercero en cuesti\u00f3n. Consulta las pol\u00edticas de confidencialidad de terceros para obtener m\u00e1s informaci\u00f3n sobre sus pr\u00e1cticas en materia de datos.<\/p>\n\n\n\n<p>La lista de cookies de terceros utilizadas en este sitio est\u00e1 disponible en el <a href=\"\/#moove_gdpr_cookie_modal\">panel de gesti\u00f3n de cookies<\/a>.<\/p>\n\n\n\n<h2 class=\"wp-block-heading\" id=\"gdpr-7\">Estad\u00edsticas y medici\u00f3n de audiencias<\/h2>\n\n\n\n<p>En t\u00e9rminos de an\u00e1lisis, utilizamos Google Analytics para obtener informaci\u00f3n sobre el uso de nuestro sitio web con el fin de mejorarlo. Se puede desactivar desde el <a href=\"https:\/\/www.campinglesnobis.com\/#moove_gdpr_cookie_modal\">panel de gesti\u00f3n de cookies<\/a>.<\/p>\n\n\n\n<p>Para evitar que Google Analytics utilice tu informaci\u00f3n con fines de an\u00e1lisis, tambi\u00e9n puedes instalar el complemento de desactivaci\u00f3n de Google Analytics para navegadores haciendo clic <a href=\"https:\/\/tools.google.com\/dlpage\/gaoptout\" rel=\"noreferrer noopener\" target=\"_blank\">aqu\u00ed<\/a>. Ten en cuenta que no tenemos ning\u00fan control sobre este enlace de desactivaci\u00f3n y no somos responsables de la disponibilidad o exactitud de este mecanismo. Consulta <a href=\"https:\/\/support.google.com\/analytics\/answer\/6004245\" rel=\"noreferrer noopener\" target=\"_blank\">esta documentaci\u00f3n<\/a> para obtener m\u00e1s informaci\u00f3n.<\/p>\n\n\n\n<h2 class=\"wp-block-heading\" id=\"gdpr-8\">Periodos de almacenamiento de tus datos<\/h2>\n\n\n\n<p>Si dejas un comentario, el comentario y sus metadatos se conservan indefinidamente. Esto permite que los comentarios posteriores se reconozcan y aprueben autom\u00e1ticamente en lugar de quedarse en la cola de moderaci\u00f3n.<\/p>\n\n\n\n<p>Para los usuarios que se registran en nuestro sitio (cuando es posible), tambi\u00e9n almacenamos los datos personales indicados en su perfil. Todos los usuarios pueden ver, modificar o eliminar su informaci\u00f3n personal en cualquier momento (a excepci\u00f3n de su nombre de usuario). Los administradores del centro tambi\u00e9n pueden ver y modificar esta informaci\u00f3n.<\/p>\n\n\n\n<h2 class=\"wp-block-heading\" id=\"gdpr-9\">Los derechos que tienes sobre tus datos<\/h2>\n\n\n\n<p>Si tienes una cuenta o si has dejado comentarios en el sitio, puedes solicitar que te enviemos un archivo con todos los datos personales que tenemos sobre ti, incluidos los que nos has facilitado. Tambi\u00e9n puedes pedir que se supriman tus datos personales. Esto no incluye los datos almacenados con fines administrativos, legales o de seguridad.<\/p>\n\n\n\n<h2 class=\"wp-block-heading\" id=\"gdpr-10\">Transmisi\u00f3n de tus datos personales<\/h2>\n\n\n\n<p>Los comentarios de los visitantes pueden comprobarse mediante un servicio automatizado para detectar comentarios indeseables.<br\/>Todos los datos personales que procesamos se tratan en el seno de la Uni\u00f3n Europea.<\/p>\n\n\n\n<h2 class=\"wp-block-heading\" id=\"gdpr-11\">C\u00f3mo protegemos tus datos<\/h2>\n\n\n\n<p>Implementamos y actualizamos constantemente <strong>la seguridad<\/strong> del sitio para proteger tu informaci\u00f3n contra el acceso no autorizado, la p\u00e9rdida, la destrucci\u00f3n o la alteraci\u00f3n. Por eso trabajamos para que tus datos sean lo m\u00e1s invulnerables posible. Como Internet no es un entorno 100% seguro, no podemos garantizar plenamente la seguridad de la transmisi\u00f3n o almacenamiento de tu informaci\u00f3n.<\/p>\n\n\n\n<h2 class=\"wp-block-heading\" id=\"gdpr-12\">Informaci\u00f3n de contacto<\/h2>\n\n\n\n<p>Si tienes alguna solicitud o pregunta sobre tus datos personales, ponte en contacto con nosotros en rgpd@geek-tonic.com. Encontrar\u00e1s otros datos de contacto en nuestro <a href=\"https:\/\/campingdulacdecazaux.fr\/es\/puntuacion-maxima\/\">aviso legal<\/a>. Ten en cuenta que podemos pedirte que verifiques tu identidad antes de tomar cualquier otra medida en relaci\u00f3n con tu solicitud.<\/p>\n<\/div>\n","protected":false},"excerpt":{"rendered":"<p>Nuestra pol\u00edtica de privacidad POL\u00cdTICA DE PRIVACIDAD Esta pol\u00edtica de privacidad describe los datos personales que se recogen o generan (procesan) cuando utilizas el sitio web. Esta Pol\u00edtica de Privacidad describe los tipos de datos personales recogidos cuando utilizas nuestro sitio y c\u00f3mo se utilizan, comparten y protegen tus datos personales. Tambi\u00e9n explica las opciones [&hellip;]<\/p>\n","protected":false},"author":1,"featured_media":11246,"parent":0,"menu_order":31,"comment_status":"closed","ping_status":"closed","template":"","meta":{"_acf_changed":false,"footnotes":""},"class_list":["post-11236","page","type-page","status-publish","has-post-thumbnail","hentry"],"acf":[],"yoast_head":"<!-- This site is optimized with the Yoast SEO plugin v24.8.1 - https:\/\/yoast.com\/wordpress\/plugins\/seo\/ -->\n<title>Pol\u00edtica de privacidad - Camping Bel air Village Lac de Cazaux - Site Officiel - Meilleur Prix Garanti<\/title>\n<meta name=\"description\" content=\"Nuestra pol\u00edtica de privacidad POL\u00cdTICA DE PRIVACIDAD Esta pol\u00edtica de privacidad describe los datos personales que se recogen o generan (procesan) cuando\" \/>\n<meta name=\"robots\" content=\"noindex, nofollow\" \/>\n<meta property=\"og:locale\" content=\"es_ES\" \/>\n<meta property=\"og:type\" content=\"article\" \/>\n<meta property=\"og:title\" content=\"Pol\u00edtica de privacidad - Camping Bel air Village Lac de Cazaux - Site Officiel - Meilleur Prix Garanti\" \/>\n<meta property=\"og:description\" content=\"Nuestra pol\u00edtica de privacidad POL\u00cdTICA DE PRIVACIDAD Esta pol\u00edtica de privacidad describe los datos personales que se recogen o generan (procesan) cuando\" \/>\n<meta property=\"og:url\" content=\"https:\/\/campingdulacdecazaux.fr\/es\/politica-de-privacidad\/\" \/>\n<meta property=\"og:site_name\" content=\"Camping Bel air Village Lac de Cazaux - Site Officiel - Meilleur Prix Garanti\" \/>\n<meta property=\"article:modified_time\" content=\"2024-05-30T09:09:03+00:00\" \/>\n<meta property=\"og:image\" content=\"http:\/\/campingdulacdecazaux.fr\/wp-content\/uploads\/sites\/68\/2024\/03\/EcsMvupTHgbfH.webp\" \/>\n\t<meta property=\"og:image:width\" content=\"1200\" \/>\n\t<meta property=\"og:image:height\" content=\"675\" \/>\n\t<meta property=\"og:image:type\" content=\"image\/webp\" \/>\n<meta name=\"twitter:card\" content=\"summary_large_image\" \/>\n<meta name=\"twitter:label1\" content=\"Tiempo de lectura\" \/>\n\t<meta name=\"twitter:data1\" content=\"7 minutos\" \/>\n<script type=\"application\/ld+json\" class=\"yoast-schema-graph\">{\"@context\":\"https:\/\/schema.org\",\"@graph\":[{\"@type\":\"WebPage\",\"@id\":\"https:\/\/campingdulacdecazaux.fr\/es\/politica-de-privacidad\/\",\"url\":\"https:\/\/campingdulacdecazaux.fr\/es\/politica-de-privacidad\/\",\"name\":\"Pol\u00edtica de privacidad - Camping Bel air Village Lac de Cazaux - Site Officiel - Meilleur Prix Garanti\",\"isPartOf\":{\"@id\":\"https:\/\/campingdulacdecazaux.fr\/es\/#website\"},\"primaryImageOfPage\":{\"@id\":\"https:\/\/campingdulacdecazaux.fr\/es\/politica-de-privacidad\/#primaryimage\"},\"image\":{\"@id\":\"https:\/\/campingdulacdecazaux.fr\/es\/politica-de-privacidad\/#primaryimage\"},\"thumbnailUrl\":\"https:\/\/campingdulacdecazaux.fr\/wp-content\/uploads\/sites\/68\/2024\/03\/EcsMvupTHgbfH.webp\",\"datePublished\":\"2023-07-13T07:35:43+00:00\",\"dateModified\":\"2024-05-30T09:09:03+00:00\",\"description\":\"Nuestra pol\u00edtica de privacidad POL\u00cdTICA DE PRIVACIDAD Esta pol\u00edtica de privacidad describe los datos personales que se recogen o generan (procesan) cuando\",\"breadcrumb\":{\"@id\":\"https:\/\/campingdulacdecazaux.fr\/es\/politica-de-privacidad\/#breadcrumb\"},\"inLanguage\":\"es\",\"potentialAction\":[{\"@type\":\"ReadAction\",\"target\":[\"https:\/\/campingdulacdecazaux.fr\/es\/politica-de-privacidad\/\"]}]},{\"@type\":\"ImageObject\",\"inLanguage\":\"es\",\"@id\":\"https:\/\/campingdulacdecazaux.fr\/es\/politica-de-privacidad\/#primaryimage\",\"url\":\"https:\/\/campingdulacdecazaux.fr\/wp-content\/uploads\/sites\/68\/2024\/03\/EcsMvupTHgbfH.webp\",\"contentUrl\":\"https:\/\/campingdulacdecazaux.fr\/wp-content\/uploads\/sites\/68\/2024\/03\/EcsMvupTHgbfH.webp\",\"width\":1200,\"height\":675,\"caption\":\"paisaje\"},{\"@type\":\"BreadcrumbList\",\"@id\":\"https:\/\/campingdulacdecazaux.fr\/es\/politica-de-privacidad\/#breadcrumb\",\"itemListElement\":[{\"@type\":\"ListItem\",\"position\":1,\"name\":\"Bel air Village Lac de Cazaux\",\"item\":\"http:\/\/campingdulacdecazaux.fr\/es\/\"},{\"@type\":\"ListItem\",\"position\":2,\"name\":\"Pol\u00edtica de privacidad\"}]},{\"@type\":\"WebSite\",\"@id\":\"https:\/\/campingdulacdecazaux.fr\/es\/#website\",\"url\":\"https:\/\/campingdulacdecazaux.fr\/es\/\",\"name\":\"Camping Bel air Village Lac de Cazaux - Site Officiel - Meilleur Prix Garanti\",\"description\":\"\",\"publisher\":{\"@id\":\"https:\/\/campingdulacdecazaux.fr\/es\/#organization\"},\"potentialAction\":[{\"@type\":\"SearchAction\",\"target\":{\"@type\":\"EntryPoint\",\"urlTemplate\":\"https:\/\/campingdulacdecazaux.fr\/es\/?s={search_term_string}\"},\"query-input\":{\"@type\":\"PropertyValueSpecification\",\"valueRequired\":true,\"valueName\":\"search_term_string\"}}],\"inLanguage\":\"es\"},{\"@type\":\"Organization\",\"@id\":\"https:\/\/campingdulacdecazaux.fr\/es\/#organization\",\"name\":\"Camping Bel air Village Lac de Cazaux - Site Officiel - Meilleur Prix Garanti\",\"url\":\"https:\/\/campingdulacdecazaux.fr\/es\/\",\"logo\":{\"@type\":\"ImageObject\",\"inLanguage\":\"es\",\"@id\":\"https:\/\/campingdulacdecazaux.fr\/es\/#\/schema\/logo\/image\/\",\"url\":\"https:\/\/campingdulacdecazaux.fr\/wp-content\/uploads\/sites\/68\/2024\/03\/logo-cazaux.png\",\"contentUrl\":\"https:\/\/campingdulacdecazaux.fr\/wp-content\/uploads\/sites\/68\/2024\/03\/logo-cazaux.png\",\"width\":2048,\"height\":847,\"caption\":\"Camping Bel air Village Lac de Cazaux - Site Officiel - Meilleur Prix Garanti\"},\"image\":{\"@id\":\"https:\/\/campingdulacdecazaux.fr\/es\/#\/schema\/logo\/image\/\"}}]}<\/script>\n<!-- \/ Yoast SEO plugin. -->","yoast_head_json":{"title":"Pol\u00edtica de privacidad - Camping Bel air Village Lac de Cazaux - Site Officiel - Meilleur Prix Garanti","description":"Nuestra pol\u00edtica de privacidad POL\u00cdTICA DE PRIVACIDAD Esta pol\u00edtica de privacidad describe los datos personales que se recogen o generan (procesan) cuando","robots":{"index":"noindex","follow":"nofollow"},"og_locale":"es_ES","og_type":"article","og_title":"Pol\u00edtica de privacidad - Camping Bel air Village Lac de Cazaux - Site Officiel - Meilleur Prix Garanti","og_description":"Nuestra pol\u00edtica de privacidad POL\u00cdTICA DE PRIVACIDAD Esta pol\u00edtica de privacidad describe los datos personales que se recogen o generan (procesan) cuando","og_url":"https:\/\/campingdulacdecazaux.fr\/es\/politica-de-privacidad\/","og_site_name":"Camping Bel air Village Lac de Cazaux - Site Officiel - Meilleur Prix Garanti","article_modified_time":"2024-05-30T09:09:03+00:00","og_image":[{"width":1200,"height":675,"url":"http:\/\/campingdulacdecazaux.fr\/wp-content\/uploads\/sites\/68\/2024\/03\/EcsMvupTHgbfH.webp","type":"image\/webp"}],"twitter_card":"summary_large_image","twitter_misc":{"Tiempo de lectura":"7 minutos"},"schema":{"@context":"https:\/\/schema.org","@graph":[{"@type":"WebPage","@id":"https:\/\/campingdulacdecazaux.fr\/es\/politica-de-privacidad\/","url":"https:\/\/campingdulacdecazaux.fr\/es\/politica-de-privacidad\/","name":"Pol\u00edtica de privacidad - Camping Bel air Village Lac de Cazaux - Site Officiel - Meilleur Prix Garanti","isPartOf":{"@id":"https:\/\/campingdulacdecazaux.fr\/es\/#website"},"primaryImageOfPage":{"@id":"https:\/\/campingdulacdecazaux.fr\/es\/politica-de-privacidad\/#primaryimage"},"image":{"@id":"https:\/\/campingdulacdecazaux.fr\/es\/politica-de-privacidad\/#primaryimage"},"thumbnailUrl":"https:\/\/campingdulacdecazaux.fr\/wp-content\/uploads\/sites\/68\/2024\/03\/EcsMvupTHgbfH.webp","datePublished":"2023-07-13T07:35:43+00:00","dateModified":"2024-05-30T09:09:03+00:00","description":"Nuestra pol\u00edtica de privacidad POL\u00cdTICA DE PRIVACIDAD Esta pol\u00edtica de privacidad describe los datos personales que se recogen o generan (procesan) cuando","breadcrumb":{"@id":"https:\/\/campingdulacdecazaux.fr\/es\/politica-de-privacidad\/#breadcrumb"},"inLanguage":"es","potentialAction":[{"@type":"ReadAction","target":["https:\/\/campingdulacdecazaux.fr\/es\/politica-de-privacidad\/"]}]},{"@type":"ImageObject","inLanguage":"es","@id":"https:\/\/campingdulacdecazaux.fr\/es\/politica-de-privacidad\/#primaryimage","url":"https:\/\/campingdulacdecazaux.fr\/wp-content\/uploads\/sites\/68\/2024\/03\/EcsMvupTHgbfH.webp","contentUrl":"https:\/\/campingdulacdecazaux.fr\/wp-content\/uploads\/sites\/68\/2024\/03\/EcsMvupTHgbfH.webp","width":1200,"height":675,"caption":"paisaje"},{"@type":"BreadcrumbList","@id":"https:\/\/campingdulacdecazaux.fr\/es\/politica-de-privacidad\/#breadcrumb","itemListElement":[{"@type":"ListItem","position":1,"name":"Bel air Village Lac de Cazaux","item":"http:\/\/campingdulacdecazaux.fr\/es\/"},{"@type":"ListItem","position":2,"name":"Pol\u00edtica de privacidad"}]},{"@type":"WebSite","@id":"https:\/\/campingdulacdecazaux.fr\/es\/#website","url":"https:\/\/campingdulacdecazaux.fr\/es\/","name":"Camping Bel air Village Lac de Cazaux - Site Officiel - Meilleur Prix Garanti","description":"","publisher":{"@id":"https:\/\/campingdulacdecazaux.fr\/es\/#organization"},"potentialAction":[{"@type":"SearchAction","target":{"@type":"EntryPoint","urlTemplate":"https:\/\/campingdulacdecazaux.fr\/es\/?s={search_term_string}"},"query-input":{"@type":"PropertyValueSpecification","valueRequired":true,"valueName":"search_term_string"}}],"inLanguage":"es"},{"@type":"Organization","@id":"https:\/\/campingdulacdecazaux.fr\/es\/#organization","name":"Camping Bel air Village Lac de Cazaux - Site Officiel - Meilleur Prix Garanti","url":"https:\/\/campingdulacdecazaux.fr\/es\/","logo":{"@type":"ImageObject","inLanguage":"es","@id":"https:\/\/campingdulacdecazaux.fr\/es\/#\/schema\/logo\/image\/","url":"https:\/\/campingdulacdecazaux.fr\/wp-content\/uploads\/sites\/68\/2024\/03\/logo-cazaux.png","contentUrl":"https:\/\/campingdulacdecazaux.fr\/wp-content\/uploads\/sites\/68\/2024\/03\/logo-cazaux.png","width":2048,"height":847,"caption":"Camping Bel air Village Lac de Cazaux - Site Officiel - Meilleur Prix Garanti"},"image":{"@id":"https:\/\/campingdulacdecazaux.fr\/es\/#\/schema\/logo\/image\/"}}]}},"_links":{"self":[{"href":"https:\/\/campingdulacdecazaux.fr\/es\/wp-json\/wp\/v2\/pages\/11236","targetHints":{"allow":["GET"]}}],"collection":[{"href":"https:\/\/campingdulacdecazaux.fr\/es\/wp-json\/wp\/v2\/pages"}],"about":[{"href":"https:\/\/campingdulacdecazaux.fr\/es\/wp-json\/wp\/v2\/types\/page"}],"author":[{"embeddable":true,"href":"https:\/\/campingdulacdecazaux.fr\/es\/wp-json\/wp\/v2\/users\/1"}],"replies":[{"embeddable":true,"href":"https:\/\/campingdulacdecazaux.fr\/es\/wp-json\/wp\/v2\/comments?post=11236"}],"version-history":[{"count":9,"href":"https:\/\/campingdulacdecazaux.fr\/es\/wp-json\/wp\/v2\/pages\/11236\/revisions"}],"predecessor-version":[{"id":11931,"href":"https:\/\/campingdulacdecazaux.fr\/es\/wp-json\/wp\/v2\/pages\/11236\/revisions\/11931"}],"wp:featuredmedia":[{"embeddable":true,"href":"https:\/\/campingdulacdecazaux.fr\/es\/wp-json\/wp\/v2\/media\/11246"}],"wp:attachment":[{"href":"https:\/\/campingdulacdecazaux.fr\/es\/wp-json\/wp\/v2\/media?parent=11236"}],"curies":[{"name":"wp","href":"https:\/\/api.w.org\/{rel}","templated":true}]}}