{"id":11244,"date":"2023-06-26T11:07:31","date_gmt":"2023-06-26T09:07:31","guid":{"rendered":"https:\/\/campingdulacdecazaux.fr\/camping-familiar-cazaux\/"},"modified":"2024-05-30T10:55:08","modified_gmt":"2024-05-30T08:55:08","slug":"camping-familiar-cazaux","status":"publish","type":"page","link":"https:\/\/campingdulacdecazaux.fr\/es\/camping-familiar-cazaux\/","title":{"rendered":"Servicios"},"content":{"rendered":"\n<div class=\"wp-block-group is-layout-constrained wp-container-core-group-is-layout-f1b847a5 wp-block-group-is-layout-constrained\" style=\"padding-top:0;padding-bottom:var(--wp--preset--spacing--80)\">\n<h1 class=\"wp-block-heading has-text-align-center has-link-color-color has-text-color has-ursula-font-family\" style=\"margin-top:var(--wp--preset--spacing--60);margin-right:var(--wp--preset--spacing--60);margin-bottom:var(--wp--preset--spacing--60);margin-left:var(--wp--preset--spacing--60);padding-top:var(--wp--preset--spacing--60);padding-right:var(--wp--preset--spacing--60);padding-bottom:var(--wp--preset--spacing--60);padding-left:var(--wp--preset--spacing--60);font-style:normal;font-weight:500;line-height:1\">Servicios en Bel Air Village Lac de Cazaux en Gironda<\/h1>\n\n\n\n<p class=\"has-text-align-center\"><a href=\"https:\/\/campingdulacdecazaux.fr\/es\/\">Bel Air Village Lac de Cazaux<\/a> se compromete a hacer que tu estancia sea lo m\u00e1s c\u00f3moda y agradable posible. Nuestros servicios est\u00e1n dise\u00f1ados para satisfacer todas tus necesidades, desde las m\u00e1s esenciales hasta las m\u00e1s espec\u00edficas. <\/p>\n\n\n\n<p class=\"has-text-align-center\">Nuestra recepci\u00f3n est\u00e1 a tu disposici\u00f3n para cualquier solicitud de informaci\u00f3n, reserva de actividades o cualquier otra pregunta que puedas tener.<\/p>\n\n\n\n<div class=\"wp-block-columns is-layout-flex wp-container-core-columns-is-layout-87beb0d0 wp-block-columns-is-layout-flex\">\n<div class=\"wp-block-column is-layout-flow wp-container-core-column-is-layout-f5bb311e wp-block-column-is-layout-flow\">\n<div class=\"wp-block-columns is-layout-flex wp-container-core-columns-is-layout-a85f4655 wp-block-columns-is-layout-flex\">\n<div class=\"wp-block-column is-layout-flow wp-container-core-column-is-layout-f5bb311e wp-block-column-is-layout-flow\">\n<figure class=\"wp-block-image size-full has-custom-border alignfull animated fadeIn slow\"><a href=\"https:\/\/campingdulacdecazaux.fr\/wp-content\/uploads\/sites\/68\/2024\/03\/epicerie-sur-place.webp\"><img decoding=\"async\" width=\"1024\" height=\"680\" sizes=\"(max-width: min(calc(100% - 15vw), 1024px)) 100vw, min(calc(100% - 15vw), 1024px)\" src=\"https:\/\/campingdulacdecazaux.fr\/wp-content\/uploads\/sites\/68\/2024\/03\/epicerie-sur-place.webp\" alt=\"tienda de comestibles in situ\" class=\"wp-image-10336\" style=\"border-top-left-radius:2rem\" srcset=\"https:\/\/campingdulacdecazaux.fr\/wp-content\/uploads\/sites\/68\/2024\/03\/epicerie-sur-place.webp 1024w, https:\/\/campingdulacdecazaux.fr\/wp-content\/uploads\/sites\/68\/2024\/03\/epicerie-sur-place-300x199.webp 300w, https:\/\/campingdulacdecazaux.fr\/wp-content\/uploads\/sites\/68\/2024\/03\/epicerie-sur-place-768x510.webp 768w\" \/><\/a><\/figure>\n\n\n\n<figure class=\"wp-block-image size-full animated fadeIn delay-200ms slow\"><a href=\"https:\/\/campingdulacdecazaux.fr\/wp-content\/uploads\/sites\/68\/2024\/03\/laverie.webp\"><img decoding=\"async\" width=\"1024\" height=\"680\" sizes=\"(max-width: min(calc(100% - 15vw), 1024px)) 100vw, min(calc(100% - 15vw), 1024px)\" src=\"https:\/\/campingdulacdecazaux.fr\/wp-content\/uploads\/sites\/68\/2024\/03\/laverie.webp\" alt=\"lavander&#xED;a\" class=\"wp-image-10337\" srcset=\"https:\/\/campingdulacdecazaux.fr\/wp-content\/uploads\/sites\/68\/2024\/03\/laverie.webp 1024w, https:\/\/campingdulacdecazaux.fr\/wp-content\/uploads\/sites\/68\/2024\/03\/laverie-300x199.webp 300w, https:\/\/campingdulacdecazaux.fr\/wp-content\/uploads\/sites\/68\/2024\/03\/laverie-768x510.webp 768w\" \/><\/a><\/figure>\n<\/div>\n\n\n\n<div class=\"wp-block-column is-layout-flow wp-block-column-is-layout-flow\">\n<figure class=\"wp-block-image size-full alignfull refill animated fadeIn delay-100ms slow is-style-default\"><a href=\"https:\/\/campingdulacdecazaux.fr\/wp-content\/uploads\/sites\/68\/2024\/03\/connexion-wi-fi.webp\"><img decoding=\"async\" width=\"756\" height=\"1024\" sizes=\"(max-width: min(calc(100% - 15vw), 756px)) 100vw, min(calc(100% - 15vw), 756px)\" src=\"https:\/\/campingdulacdecazaux.fr\/wp-content\/uploads\/sites\/68\/2024\/03\/connexion-wi-fi.webp\" alt=\"conexi&#xF3;n wi fi\" class=\"wp-image-10338\" srcset=\"https:\/\/campingdulacdecazaux.fr\/wp-content\/uploads\/sites\/68\/2024\/03\/connexion-wi-fi.webp 756w, https:\/\/campingdulacdecazaux.fr\/wp-content\/uploads\/sites\/68\/2024\/03\/connexion-wi-fi-221x300.webp 221w\" \/><\/a><\/figure>\n<\/div>\n<\/div>\n<\/div>\n\n\n\n<div class=\"wp-block-column is-layout-flow wp-block-column-is-layout-flow\" style=\"padding-top:var(--wp--preset--spacing--30);padding-right:var(--wp--preset--spacing--30);padding-bottom:var(--wp--preset--spacing--30);padding-left:var(--wp--preset--spacing--30);flex-basis:33.33%\">\n<div class=\"wp-block-group is-layout-flow wp-block-group-is-layout-flow\" style=\"padding-right:var(--wp--preset--spacing--40);padding-bottom:0;padding-left:var(--wp--preset--spacing--40)\">\n<h2 class=\"wp-block-heading\">Confort cotidiano con nuestros servicios<\/h2>\n\n\n\n<p><strong>Comestibles in situ<\/strong><br\/>Una peque\u00f1a tienda de comestibles vende <strong>art\u00edculos de primera necesidad<\/strong>, as\u00ed como <strong>productos<\/strong> <strong>locales<\/strong> que te ayudar\u00e1n a descubrir los sabores de la regi\u00f3n. Durante la temporada alta (julio\/agosto) tambi\u00e9n encontrar\u00e1s boller\u00eda vienesa, as\u00ed como caf\u00e9 y chocolate caliente para mejorar tus desayunos.<\/p>\n\n\n\n<p><strong>Lavander\u00eda<\/strong> <br\/>Viaja ligero gracias a las instalaciones de lavander\u00eda in situ.<\/p>\n\n\n\n<p><strong><strong>Conexi\u00f3n Wi-Fi<\/strong><\/strong> <br\/>Mantente conectado con nuestro servicio Wi-Fi disponible en las zonas comunes, que te permitir\u00e1 compartir tus momentos favoritos o planificar tu exploraci\u00f3n del d\u00eda.<\/p>\n<\/div>\n<\/div>\n<\/div>\n<\/div>\n\n<div class=\"wp-block-group overflow-hidden is-layout-flow wp-block-group-is-layout-flow\" style=\"margin-top:0;margin-bottom:0;padding-top:0;padding-bottom:0\">\n<div class=\"wp-block-group overflow-hidden is-style-gt-banner-top-wave-2 has-color-4-background-color has-background is-layout-flow wp-block-group-is-layout-flow\" style=\"padding-top:0;padding-bottom:0\">\n<div class=\"wp-block-columns are-vertically-aligned-center is-layout-flex wp-container-core-columns-is-layout-ec2e7a44 wp-block-columns-is-layout-flex\" style=\"padding-top:0;padding-bottom:0\">\n<div class=\"wp-block-column is-vertically-aligned-center is-layout-flow wp-block-column-is-layout-flow\" style=\"padding-top:var(--wp--preset--spacing--80);padding-right:var(--wp--preset--spacing--80);padding-bottom:var(--wp--preset--spacing--80);padding-left:var(--wp--preset--spacing--80);flex-basis:50%\">\n<h2 class=\"wp-block-heading has-text-align-left has-ursula-font-family\">Viajar con tu mascota<\/h2>\n\n\n\n<figure class=\"wp-block-image size-full is-resized\"><img decoding=\"async\" width=\"146\" height=\"22\" sizes=\"(max-width: min(calc(100% - 15vw), 90px)) 100vw, min(calc(100% - 15vw), 90px)\" src=\"https:\/\/campingdulacdecazaux.fr\/wp-content\/uploads\/sites\/68\/2023\/08\/separator.png\" alt=\"separador\" class=\"wp-image-5772\" style=\"width:90px;height:undefinedpx\"\/><\/figure>\n\n\n\n<p>Para las familias con mascotas, Bel Air Village Lac de Cazaux est\u00e1 encantado de <strong>recibir a tus amigos de cuatro patas<\/strong>.<\/p>\n\n\n\n<p>Se admiten mascotas en todos los alojamientos y parcelas de alquiler. Deben ir sujetos con correa y tener su cartilla de vacunaci\u00f3n. Los perros de las categor\u00edas 1 y 2 est\u00e1n prohibidos.<\/p>\n<\/div>\n\n\n\n<div class=\"wp-block-column is-vertically-aligned-center is-layout-flow wp-block-column-is-layout-flow\" style=\"flex-basis:50%\">\n<div class=\"wp-block-group overflow-auto is-layout-flow wp-block-group-is-layout-flow\" style=\"padding-left:var(--wp--preset--spacing--80)\">\n<figure class=\"wp-block-image alignright size-full alignfull blobed\"><a href=\"https:\/\/campingdulacdecazaux.fr\/wp-content\/uploads\/sites\/68\/2024\/03\/voyagez-avec-votre-animal.webp\"><img decoding=\"async\" width=\"1024\" height=\"768\" sizes=\"(max-width: min(calc(100% - 15vw), 1024px)) 100vw, min(calc(100% - 15vw), 1024px)\" src=\"https:\/\/campingdulacdecazaux.fr\/wp-content\/uploads\/sites\/68\/2024\/03\/voyagez-avec-votre-animal.webp\" alt=\"viaja con tu mascota\" class=\"wp-image-10339\" srcset=\"https:\/\/campingdulacdecazaux.fr\/wp-content\/uploads\/sites\/68\/2024\/03\/voyagez-avec-votre-animal.webp 1024w, https:\/\/campingdulacdecazaux.fr\/wp-content\/uploads\/sites\/68\/2024\/03\/voyagez-avec-votre-animal-300x225.webp 300w, https:\/\/campingdulacdecazaux.fr\/wp-content\/uploads\/sites\/68\/2024\/03\/voyagez-avec-votre-animal-768x576.webp 768w\" \/><\/a><\/figure>\n<\/div>\n<\/div>\n<\/div>\n<\/div>\n<\/div>\n\n<div class=\"wp-block-group overflow-visible has-background is-layout-constrained wp-container-core-group-is-layout-612028c2 wp-block-group-is-layout-constrained\" style=\"border-top-color:var(--wp--preset--color--white);border-top-width:12rem;border-right-color:var(--wp--preset--color--white);border-bottom-color:var(--wp--preset--color--white);border-left-color:var(--wp--preset--color--white);background:linear-gradient(174deg,rgb(255,255,255) 29%,rgb(222,232,222) 29%);margin-top:0rem;margin-bottom:0;padding-top:var(--wp--preset--spacing--80);padding-bottom:8rem\">\n<h2 class=\"wp-block-heading has-text-align-center z-index-3 position-relative m-n-t-20 animated fadeInUp\">Descubre nuestros eventos, nuestros alojamientos y nuestra regi\u00f3n<\/h2>\n\n\n\n<figure class=\"wp-block-image aligncenter size-full is-resized\"><img decoding=\"async\" width=\"146\" height=\"22\" sizes=\"(max-width: min(calc(100% - 15vw), 90px)) 100vw, min(calc(100% - 15vw), 90px)\" src=\"https:\/\/campingdulacdecazaux.fr\/wp-content\/uploads\/sites\/68\/2023\/08\/separator.png\" alt=\"separador\" class=\"wp-image-5772\" style=\"width:90px;height:undefinedpx\"\/><\/figure>\n\n\n\r\n<div \r\n     \r\n    class=\"gt-maillage-block animated fadeInUp delay-100ms slow\" \r\n    style=\"\"\r\n>\r\n\r\n    \r\n        \r\n        <article \r\n    class=\"gt-cta gt-cta--page\" \r\n    style=\"aspect-ratio:1\/1\"\r\n>\r\n    <a href=\"https:\/\/campingdulacdecazaux.fr\/es\/alquiler-de-casas-moviles-cazaux\/\" title=\"Nuestros alquileres\" class=\"gt-cta__link\">\r\n        <div class=\"gt-cta__thumb\">\r\n                                                <\/div>\r\n        <div class=\"gt-cta__content\">\r\n            <div class=\"gt-cta__title\">\r\n                Nuestros alquileres            <\/div>\r\n        <\/div>\r\n    <\/a>\r\n<\/article>\r\n    \r\n        <article \r\n    class=\"gt-cta gt-cta--page\" \r\n    style=\"aspect-ratio:1\/1\"\r\n>\r\n    <a href=\"https:\/\/campingdulacdecazaux.fr\/es\/tourismo-gironde\/\" title=\"Turismo\" class=\"gt-cta__link\">\r\n        <div class=\"gt-cta__thumb\">\r\n                            <img decoding=\"async\" width=\"1920\" height=\"750\" src=\"https:\/\/campingdulacdecazaux.fr\/wp-content\/uploads\/sites\/68\/2024\/02\/tourisme-gironde.webp\" class=\"attachment-full size-full wp-post-image\" alt=\"Gironda turismo\" srcset=\"https:\/\/campingdulacdecazaux.fr\/wp-content\/uploads\/sites\/68\/2024\/02\/tourisme-gironde.webp 1920w, https:\/\/campingdulacdecazaux.fr\/wp-content\/uploads\/sites\/68\/2024\/02\/tourisme-gironde-300x117.webp 300w, https:\/\/campingdulacdecazaux.fr\/wp-content\/uploads\/sites\/68\/2024\/02\/tourisme-gironde-1024x400.webp 1024w, https:\/\/campingdulacdecazaux.fr\/wp-content\/uploads\/sites\/68\/2024\/02\/tourisme-gironde-768x300.webp 768w, https:\/\/campingdulacdecazaux.fr\/wp-content\/uploads\/sites\/68\/2024\/02\/tourisme-gironde-1536x600.webp 1536w\" sizes=\"(max-width: 1920px) 100vw, 1920px\" \/>                    <\/div>\r\n        <div class=\"gt-cta__content\">\r\n            <div class=\"gt-cta__title\">\r\n                Turismo            <\/div>\r\n        <\/div>\r\n    <\/a>\r\n<\/article>\r\n            \r\n<\/div><\/div>\n","protected":false},"excerpt":{"rendered":"<p>Servicios en Bel Air Village Lac de Cazaux en Gironda Bel Air Village Lac de Cazaux se compromete a hacer que tu estancia sea lo m\u00e1s c\u00f3moda y agradable posible. Nuestros servicios est\u00e1n dise\u00f1ados para satisfacer todas tus necesidades, desde las m\u00e1s esenciales hasta las m\u00e1s espec\u00edficas. Nuestra recepci\u00f3n est\u00e1 a tu disposici\u00f3n para cualquier [&hellip;]<\/p>\n","protected":false},"author":1,"featured_media":12621,"parent":0,"menu_order":35,"comment_status":"closed","ping_status":"closed","template":"","meta":{"_acf_changed":false,"footnotes":""},"class_list":["post-11244","page","type-page","status-publish","has-post-thumbnail","hentry"],"acf":[],"yoast_head":"<!-- This site is optimized with the Yoast SEO plugin v24.8.1 - https:\/\/yoast.com\/wordpress\/plugins\/seo\/ -->\n<title>Camping con servicios cerca de La Teste-de-Buch en Gironda<\/title>\n<meta name=\"description\" content=\"Descubre los servicios del camping: tienda de comestibles, lavander\u00eda, Wi-Fi y admite mascotas. Disfruta de una c\u00e1lida bienvenida y de unas instalaciones dise\u00f1adas pensando en tu comodidad.\" \/>\n<meta name=\"robots\" content=\"index, follow, max-snippet:-1, max-image-preview:large, max-video-preview:-1\" \/>\n<link rel=\"canonical\" href=\"https:\/\/campingdulacdecazaux.fr\/es\/camping-familiar-cazaux\/\" \/>\n<meta property=\"og:locale\" content=\"es_ES\" \/>\n<meta property=\"og:type\" content=\"article\" \/>\n<meta property=\"og:title\" content=\"Camping con servicios cerca de La Teste-de-Buch en Gironda\" \/>\n<meta property=\"og:description\" content=\"Descubre los servicios del camping: tienda de comestibles, lavander\u00eda, Wi-Fi y admite mascotas. Disfruta de una c\u00e1lida bienvenida y de unas instalaciones dise\u00f1adas pensando en tu comodidad.\" \/>\n<meta property=\"og:url\" content=\"https:\/\/campingdulacdecazaux.fr\/es\/camping-familiar-cazaux\/\" \/>\n<meta property=\"og:site_name\" content=\"Camping Bel air Village Lac de Cazaux - Site Officiel - Meilleur Prix Garanti\" \/>\n<meta property=\"article:modified_time\" content=\"2024-05-30T08:55:08+00:00\" \/>\n<meta property=\"og:image\" content=\"http:\/\/campingdulacdecazaux.fr\/wp-content\/uploads\/sites\/68\/2023\/11\/bav-le-brabois_08092023_18_0_resultat_resultat.webp\" \/>\n\t<meta property=\"og:image:width\" content=\"1920\" \/>\n\t<meta property=\"og:image:height\" content=\"1280\" \/>\n\t<meta property=\"og:image:type\" content=\"image\/webp\" \/>\n<meta name=\"twitter:card\" content=\"summary_large_image\" \/>\n<meta name=\"twitter:label1\" content=\"Tiempo de lectura\" \/>\n\t<meta name=\"twitter:data1\" content=\"1 minuto\" \/>\n<script type=\"application\/ld+json\" class=\"yoast-schema-graph\">{\"@context\":\"https:\/\/schema.org\",\"@graph\":[{\"@type\":\"WebPage\",\"@id\":\"https:\/\/campingdulacdecazaux.fr\/es\/camping-familiar-cazaux\/\",\"url\":\"https:\/\/campingdulacdecazaux.fr\/es\/camping-familiar-cazaux\/\",\"name\":\"Camping con servicios cerca de La Teste-de-Buch en Gironda\",\"isPartOf\":{\"@id\":\"https:\/\/campingdulacdecazaux.fr\/es\/#website\"},\"primaryImageOfPage\":{\"@id\":\"https:\/\/campingdulacdecazaux.fr\/es\/camping-familiar-cazaux\/#primaryimage\"},\"image\":{\"@id\":\"https:\/\/campingdulacdecazaux.fr\/es\/camping-familiar-cazaux\/#primaryimage\"},\"thumbnailUrl\":\"https:\/\/campingdulacdecazaux.fr\/wp-content\/uploads\/sites\/68\/2023\/11\/bav-le-brabois_08092023_18_0_resultat_resultat.webp\",\"datePublished\":\"2023-06-26T09:07:31+00:00\",\"dateModified\":\"2024-05-30T08:55:08+00:00\",\"description\":\"Descubre los servicios del camping: tienda de comestibles, lavander\u00eda, Wi-Fi y admite mascotas. Disfruta de una c\u00e1lida bienvenida y de unas instalaciones dise\u00f1adas pensando en tu comodidad.\",\"breadcrumb\":{\"@id\":\"https:\/\/campingdulacdecazaux.fr\/es\/camping-familiar-cazaux\/#breadcrumb\"},\"inLanguage\":\"es\",\"potentialAction\":[{\"@type\":\"ReadAction\",\"target\":[\"https:\/\/campingdulacdecazaux.fr\/es\/camping-familiar-cazaux\/\"]}]},{\"@type\":\"ImageObject\",\"inLanguage\":\"es\",\"@id\":\"https:\/\/campingdulacdecazaux.fr\/es\/camping-familiar-cazaux\/#primaryimage\",\"url\":\"https:\/\/campingdulacdecazaux.fr\/wp-content\/uploads\/sites\/68\/2023\/11\/bav-le-brabois_08092023_18_0_resultat_resultat.webp\",\"contentUrl\":\"https:\/\/campingdulacdecazaux.fr\/wp-content\/uploads\/sites\/68\/2023\/11\/bav-le-brabois_08092023_18_0_resultat_resultat.webp\",\"width\":1920,\"height\":1280},{\"@type\":\"BreadcrumbList\",\"@id\":\"https:\/\/campingdulacdecazaux.fr\/es\/camping-familiar-cazaux\/#breadcrumb\",\"itemListElement\":[{\"@type\":\"ListItem\",\"position\":1,\"name\":\"Bel air Village Lac de Cazaux\",\"item\":\"http:\/\/campingdulacdecazaux.fr\/es\/\"},{\"@type\":\"ListItem\",\"position\":2,\"name\":\"Servicios\"}]},{\"@type\":\"WebSite\",\"@id\":\"https:\/\/campingdulacdecazaux.fr\/es\/#website\",\"url\":\"https:\/\/campingdulacdecazaux.fr\/es\/\",\"name\":\"Camping Bel air Village Lac de Cazaux - Site Officiel - Meilleur Prix Garanti\",\"description\":\"\",\"publisher\":{\"@id\":\"https:\/\/campingdulacdecazaux.fr\/es\/#organization\"},\"potentialAction\":[{\"@type\":\"SearchAction\",\"target\":{\"@type\":\"EntryPoint\",\"urlTemplate\":\"https:\/\/campingdulacdecazaux.fr\/es\/?s={search_term_string}\"},\"query-input\":{\"@type\":\"PropertyValueSpecification\",\"valueRequired\":true,\"valueName\":\"search_term_string\"}}],\"inLanguage\":\"es\"},{\"@type\":\"Organization\",\"@id\":\"https:\/\/campingdulacdecazaux.fr\/es\/#organization\",\"name\":\"Camping Bel air Village Lac de Cazaux - Site Officiel - Meilleur Prix Garanti\",\"url\":\"https:\/\/campingdulacdecazaux.fr\/es\/\",\"logo\":{\"@type\":\"ImageObject\",\"inLanguage\":\"es\",\"@id\":\"https:\/\/campingdulacdecazaux.fr\/es\/#\/schema\/logo\/image\/\",\"url\":\"https:\/\/campingdulacdecazaux.fr\/wp-content\/uploads\/sites\/68\/2024\/03\/logo-cazaux.png\",\"contentUrl\":\"https:\/\/campingdulacdecazaux.fr\/wp-content\/uploads\/sites\/68\/2024\/03\/logo-cazaux.png\",\"width\":2048,\"height\":847,\"caption\":\"Camping Bel air Village Lac de Cazaux - Site Officiel - Meilleur Prix Garanti\"},\"image\":{\"@id\":\"https:\/\/campingdulacdecazaux.fr\/es\/#\/schema\/logo\/image\/\"}}]}<\/script>\n<!-- \/ Yoast SEO plugin. -->","yoast_head_json":{"title":"Camping con servicios cerca de La Teste-de-Buch en Gironda","description":"Descubre los servicios del camping: tienda de comestibles, lavander\u00eda, Wi-Fi y admite mascotas. Disfruta de una c\u00e1lida bienvenida y de unas instalaciones dise\u00f1adas pensando en tu comodidad.","robots":{"index":"index","follow":"follow","max-snippet":"max-snippet:-1","max-image-preview":"max-image-preview:large","max-video-preview":"max-video-preview:-1"},"canonical":"https:\/\/campingdulacdecazaux.fr\/es\/camping-familiar-cazaux\/","og_locale":"es_ES","og_type":"article","og_title":"Camping con servicios cerca de La Teste-de-Buch en Gironda","og_description":"Descubre los servicios del camping: tienda de comestibles, lavander\u00eda, Wi-Fi y admite mascotas. Disfruta de una c\u00e1lida bienvenida y de unas instalaciones dise\u00f1adas pensando en tu comodidad.","og_url":"https:\/\/campingdulacdecazaux.fr\/es\/camping-familiar-cazaux\/","og_site_name":"Camping Bel air Village Lac de Cazaux - Site Officiel - Meilleur Prix Garanti","article_modified_time":"2024-05-30T08:55:08+00:00","og_image":[{"width":1920,"height":1280,"url":"http:\/\/campingdulacdecazaux.fr\/wp-content\/uploads\/sites\/68\/2023\/11\/bav-le-brabois_08092023_18_0_resultat_resultat.webp","type":"image\/webp"}],"twitter_card":"summary_large_image","twitter_misc":{"Tiempo de lectura":"1 minuto"},"schema":{"@context":"https:\/\/schema.org","@graph":[{"@type":"WebPage","@id":"https:\/\/campingdulacdecazaux.fr\/es\/camping-familiar-cazaux\/","url":"https:\/\/campingdulacdecazaux.fr\/es\/camping-familiar-cazaux\/","name":"Camping con servicios cerca de La Teste-de-Buch en Gironda","isPartOf":{"@id":"https:\/\/campingdulacdecazaux.fr\/es\/#website"},"primaryImageOfPage":{"@id":"https:\/\/campingdulacdecazaux.fr\/es\/camping-familiar-cazaux\/#primaryimage"},"image":{"@id":"https:\/\/campingdulacdecazaux.fr\/es\/camping-familiar-cazaux\/#primaryimage"},"thumbnailUrl":"https:\/\/campingdulacdecazaux.fr\/wp-content\/uploads\/sites\/68\/2023\/11\/bav-le-brabois_08092023_18_0_resultat_resultat.webp","datePublished":"2023-06-26T09:07:31+00:00","dateModified":"2024-05-30T08:55:08+00:00","description":"Descubre los servicios del camping: tienda de comestibles, lavander\u00eda, Wi-Fi y admite mascotas. Disfruta de una c\u00e1lida bienvenida y de unas instalaciones dise\u00f1adas pensando en tu comodidad.","breadcrumb":{"@id":"https:\/\/campingdulacdecazaux.fr\/es\/camping-familiar-cazaux\/#breadcrumb"},"inLanguage":"es","potentialAction":[{"@type":"ReadAction","target":["https:\/\/campingdulacdecazaux.fr\/es\/camping-familiar-cazaux\/"]}]},{"@type":"ImageObject","inLanguage":"es","@id":"https:\/\/campingdulacdecazaux.fr\/es\/camping-familiar-cazaux\/#primaryimage","url":"https:\/\/campingdulacdecazaux.fr\/wp-content\/uploads\/sites\/68\/2023\/11\/bav-le-brabois_08092023_18_0_resultat_resultat.webp","contentUrl":"https:\/\/campingdulacdecazaux.fr\/wp-content\/uploads\/sites\/68\/2023\/11\/bav-le-brabois_08092023_18_0_resultat_resultat.webp","width":1920,"height":1280},{"@type":"BreadcrumbList","@id":"https:\/\/campingdulacdecazaux.fr\/es\/camping-familiar-cazaux\/#breadcrumb","itemListElement":[{"@type":"ListItem","position":1,"name":"Bel air Village Lac de Cazaux","item":"http:\/\/campingdulacdecazaux.fr\/es\/"},{"@type":"ListItem","position":2,"name":"Servicios"}]},{"@type":"WebSite","@id":"https:\/\/campingdulacdecazaux.fr\/es\/#website","url":"https:\/\/campingdulacdecazaux.fr\/es\/","name":"Camping Bel air Village Lac de Cazaux - Site Officiel - Meilleur Prix Garanti","description":"","publisher":{"@id":"https:\/\/campingdulacdecazaux.fr\/es\/#organization"},"potentialAction":[{"@type":"SearchAction","target":{"@type":"EntryPoint","urlTemplate":"https:\/\/campingdulacdecazaux.fr\/es\/?s={search_term_string}"},"query-input":{"@type":"PropertyValueSpecification","valueRequired":true,"valueName":"search_term_string"}}],"inLanguage":"es"},{"@type":"Organization","@id":"https:\/\/campingdulacdecazaux.fr\/es\/#organization","name":"Camping Bel air Village Lac de Cazaux - Site Officiel - Meilleur Prix Garanti","url":"https:\/\/campingdulacdecazaux.fr\/es\/","logo":{"@type":"ImageObject","inLanguage":"es","@id":"https:\/\/campingdulacdecazaux.fr\/es\/#\/schema\/logo\/image\/","url":"https:\/\/campingdulacdecazaux.fr\/wp-content\/uploads\/sites\/68\/2024\/03\/logo-cazaux.png","contentUrl":"https:\/\/campingdulacdecazaux.fr\/wp-content\/uploads\/sites\/68\/2024\/03\/logo-cazaux.png","width":2048,"height":847,"caption":"Camping Bel air Village Lac de Cazaux - Site Officiel - Meilleur Prix Garanti"},"image":{"@id":"https:\/\/campingdulacdecazaux.fr\/es\/#\/schema\/logo\/image\/"}}]}},"_links":{"self":[{"href":"https:\/\/campingdulacdecazaux.fr\/es\/wp-json\/wp\/v2\/pages\/11244","targetHints":{"allow":["GET"]}}],"collection":[{"href":"https:\/\/campingdulacdecazaux.fr\/es\/wp-json\/wp\/v2\/pages"}],"about":[{"href":"https:\/\/campingdulacdecazaux.fr\/es\/wp-json\/wp\/v2\/types\/page"}],"author":[{"embeddable":true,"href":"https:\/\/campingdulacdecazaux.fr\/es\/wp-json\/wp\/v2\/users\/1"}],"replies":[{"embeddable":true,"href":"https:\/\/campingdulacdecazaux.fr\/es\/wp-json\/wp\/v2\/comments?post=11244"}],"version-history":[{"count":7,"href":"https:\/\/campingdulacdecazaux.fr\/es\/wp-json\/wp\/v2\/pages\/11244\/revisions"}],"predecessor-version":[{"id":11921,"href":"https:\/\/campingdulacdecazaux.fr\/es\/wp-json\/wp\/v2\/pages\/11244\/revisions\/11921"}],"wp:featuredmedia":[{"embeddable":true,"href":"https:\/\/campingdulacdecazaux.fr\/es\/wp-json\/wp\/v2\/media\/12621"}],"wp:attachment":[{"href":"https:\/\/campingdulacdecazaux.fr\/es\/wp-json\/wp\/v2\/media?parent=11244"}],"curies":[{"name":"wp","href":"https:\/\/api.w.org\/{rel}","templated":true}]}}