{"id":11542,"date":"2023-06-20T10:45:38","date_gmt":"2023-06-20T08:45:38","guid":{"rendered":"https:\/\/campingdulacdecazaux.fr\/contacto-acceso\/"},"modified":"2024-07-26T10:32:08","modified_gmt":"2024-07-26T08:32:08","slug":"contacto-acceso","status":"publish","type":"page","link":"https:\/\/campingdulacdecazaux.fr\/es\/contacto-acceso\/","title":{"rendered":"Informaci\u00f3n y contactos"},"content":{"rendered":"\n<div class=\"wp-block-group is-layout-constrained wp-container-core-group-is-layout-bbbb44a5 wp-block-group-is-layout-constrained\" style=\"padding-top:var(--wp--preset--spacing--60);padding-right:var(--wp--preset--spacing--60);padding-bottom:var(--wp--preset--spacing--60);padding-left:var(--wp--preset--spacing--60)\">\n<h1 class=\"wp-block-heading has-text-align-center has-link-color-color has-text-color\" style=\"margin-top:var(--wp--preset--spacing--60);margin-right:var(--wp--preset--spacing--60);margin-bottom:var(--wp--preset--spacing--60);margin-left:var(--wp--preset--spacing--60);padding-top:var(--wp--preset--spacing--60);padding-right:var(--wp--preset--spacing--60);padding-bottom:var(--wp--preset--spacing--60);padding-left:var(--wp--preset--spacing--60)\">Contacto y acceso al camping<\/h1>\n\n\n\n<div class=\"wp-block-columns is-layout-flex wp-container-core-columns-is-layout-28f84493 wp-block-columns-is-layout-flex\">\n<div class=\"wp-block-column is-vertically-aligned-top is-layout-flow wp-block-column-is-layout-flow\">\n<h2 class=\"wp-block-heading\">Contacta con nosotros <\/h2>\n\n\n\n<p>Si tienes una pregunta, una solicitud de informaci\u00f3n o simplemente quieres compartir tu experiencia, el equipo del <a href=\"https:\/\/campingdulacdecazaux.fr\/es\/\">camping cerca de La Test-de-Buch<\/a> estar\u00e1 encantado de escuchar tus necesidades.<\/p>\n\n\n\n<p>Ponte en contacto con nosotros por tel\u00e9fono en el 05 56 22 22 2, por correo electr\u00f3nico: <a href=\"mailto:campinglacdecazaux@alphacamping.fr\" target=\"_blank\" rel=\"noreferrer noopener\">campinglacdecazaux@alphacamping.fr<\/a> o a trav\u00e9s del formulario de contacto.<\/p>\n\n\n\n<p>Nuestro equipo est\u00e1 a tu disposici\u00f3n para proporcionarte toda la informaci\u00f3n que necesites y responder r\u00e1pidamente a tus peticiones.<\/p>\n<\/div>\n\n\n\n<div class=\"wp-block-column is-layout-flow wp-block-column-is-layout-flow\">\n<div class=\"wp-block-contact-form-7-contact-form-selector formulaire-contact\">\n<div class=\"wpcf7 no-js\" id=\"wpcf7-f11677-o1\" lang=\"es-ES\" dir=\"ltr\" data-wpcf7-id=\"11677\">\n<div class=\"screen-reader-response\"><p role=\"status\" aria-live=\"polite\" aria-atomic=\"true\"><\/p> <ul><\/ul><\/div>\n<form action=\"\/es\/wp-json\/wp\/v2\/pages\/11542#wpcf7-f11677-o1\" method=\"post\" class=\"wpcf7-form init\" id=\"formulaire-contact\" aria-label=\"Formulario de contacto\" novalidate=\"novalidate\" data-status=\"init\">\n<div style=\"display: none;\">\n<input type=\"hidden\" name=\"_wpcf7\" value=\"11677\" \/>\n<input type=\"hidden\" name=\"_wpcf7_version\" value=\"6.0.6\" \/>\n<input type=\"hidden\" name=\"_wpcf7_locale\" value=\"es_ES\" \/>\n<input type=\"hidden\" name=\"_wpcf7_unit_tag\" value=\"wpcf7-f11677-o1\" \/>\n<input type=\"hidden\" name=\"_wpcf7_container_post\" value=\"0\" \/>\n<input type=\"hidden\" name=\"_wpcf7_posted_data_hash\" value=\"\" \/>\n<input type=\"hidden\" name=\"_wpcf7_recaptcha_response\" value=\"\" \/>\n<\/div>\n<p><label> Tu nombre<br \/>\n<span class=\"wpcf7-form-control-wrap\" data-name=\"your-name\"><input size=\"40\" maxlength=\"400\" class=\"wpcf7-form-control wpcf7-text wpcf7-validates-as-required\" autocomplete=\"name\" aria-required=\"true\" aria-invalid=\"false\" value=\"\" type=\"text\" name=\"your-name\" \/><\/span> <\/label>\n<\/p>\n<p><label> Tu e-mail<br \/>\n<span class=\"wpcf7-form-control-wrap\" data-name=\"your-email\"><input size=\"40\" maxlength=\"400\" class=\"wpcf7-form-control wpcf7-email wpcf7-validates-as-required wpcf7-text wpcf7-validates-as-email\" autocomplete=\"email\" aria-required=\"true\" aria-invalid=\"false\" value=\"\" type=\"email\" name=\"your-email\" \/><\/span> <\/label>\n<\/p>\n<p><label> Objeto<br \/>\n<span class=\"wpcf7-form-control-wrap\" data-name=\"your-subject\"><input size=\"40\" maxlength=\"400\" class=\"wpcf7-form-control wpcf7-text wpcf7-validates-as-required\" aria-required=\"true\" aria-invalid=\"false\" value=\"\" type=\"text\" name=\"your-subject\" \/><\/span> <\/label>\n<\/p>\n<p><label> Tu mensaje<br \/>\n<span class=\"wpcf7-form-control-wrap\" data-name=\"your-message\"><textarea cols=\"40\" rows=\"10\" maxlength=\"2000\" class=\"wpcf7-form-control wpcf7-textarea wpcf7-validates-as-required\" aria-required=\"true\" aria-invalid=\"false\" name=\"your-message\"><\/textarea><\/span> <\/label>\n<\/p>\n<p><span class=\"wpcf7-form-control-wrap\" data-name=\"acceptance-553\"><span class=\"wpcf7-form-control wpcf7-acceptance\"><span class=\"wpcf7-list-item\"><label><input type=\"checkbox\" name=\"acceptance-553\" value=\"1\" aria-invalid=\"false\" \/><span class=\"wpcf7-list-item-label\">Al marcar esta casilla, acepto la <a href=\"\/es\/politica-de-privacidad\/\" rel=\"nofollow\" target=\"_blank\">Pol\u00edtica de privacidad<\/a> de este sitio.<\/span><\/label><\/span><\/span><\/span>\n<\/p>\n<p><input class=\"wpcf7-form-control wpcf7-submit has-spinner\" type=\"submit\" value=\"Enviar\" \/>\n<\/p><div class=\"wpcf7-response-output\" aria-hidden=\"true\"><\/div>\n<\/form>\n<\/div>\n<\/div>\n<\/div>\n<\/div>\n\n\n\n<div class=\"wp-block-columns is-layout-flex wp-container-core-columns-is-layout-28f84493 wp-block-columns-is-layout-flex\">\n<div class=\"wp-block-column is-vertically-aligned-center is-layout-flow wp-block-column-is-layout-flow\"><\/div>\n\n\n\n<div class=\"wp-block-column is-vertically-aligned-center is-layout-flow wp-block-column-is-layout-flow\">\n<h2 class=\"wp-block-heading\">C\u00f3mo llegar al camping<\/h2>\n\n\n\n<p>Llegar a nuestro establecimiento es muy sencillo. Aqu\u00ed tienes nuestra <strong>direcci\u00f3n<\/strong> para que llegues seguro : 4 Rue Osmin Dupuy, 33260 Cazaux. <br\/><strong>Coordenadas GPS<\/strong>: 44.53721415058871, -1.1598904998123727.<\/p>\n\n\n\n<p>Esperamos darte la bienvenida a nuestro remanso de paz y ofrecerte una estancia inolvidable.<\/p>\n<\/div>\n<\/div>\n<\/div>\n\n<div class=\"wp-block-group overflow-visible has-background is-layout-constrained wp-container-core-group-is-layout-612028c2 wp-block-group-is-layout-constrained\" style=\"border-top-color:var(--wp--preset--color--white);border-top-width:12rem;border-right-color:var(--wp--preset--color--white);border-bottom-color:var(--wp--preset--color--white);border-left-color:var(--wp--preset--color--white);background:linear-gradient(174deg,rgb(255,255,255) 29%,rgb(222,232,222) 29%);margin-top:0rem;margin-bottom:0;padding-top:var(--wp--preset--spacing--80);padding-bottom:8rem\">\n<h2 class=\"wp-block-heading has-text-align-center has-large-font-size\">Descubre nuestros servicios, eventos y galer\u00eda de fotos<\/h2>\n\n\n\n<div class=\"wp-block-group is-content-justification-center is-layout-constrained wp-container-core-group-is-layout-1557714b wp-block-group-is-layout-constrained\">\n<hr class=\"wp-block-separator has-text-color has-link-color-color has-alpha-channel-opacity has-link-color-background-color has-background animated fadeInUp delay-200ms\" \/>\n<\/div>\n\n\n\r\n<div \r\n     \r\n    class=\"gt-maillage-block animated fadeInUp delay-100ms slow\" \r\n    style=\"\"\r\n>\r\n\r\n    \r\n        \r\n        <article \r\n    class=\"gt-cta gt-cta--page\" \r\n    style=\"aspect-ratio:1\/1\"\r\n>\r\n    <a href=\"https:\/\/campingdulacdecazaux.fr\/es\/camping-familiar-cazaux\/\" title=\"Servicios\" class=\"gt-cta__link\">\r\n        <div class=\"gt-cta__thumb\">\r\n                            <img alt=\"bav le brabois_08092023_18_0_resultat_resultat\" decoding=\"async\" width=\"1920\" height=\"1280\" src=\"https:\/\/campingdulacdecazaux.fr\/wp-content\/uploads\/sites\/68\/2023\/11\/bav-le-brabois_08092023_18_0_resultat_resultat.webp\" class=\"attachment-full size-full wp-post-image\" alt=\"\" srcset=\"https:\/\/campingdulacdecazaux.fr\/wp-content\/uploads\/sites\/68\/2023\/11\/bav-le-brabois_08092023_18_0_resultat_resultat.webp 1920w, https:\/\/campingdulacdecazaux.fr\/wp-content\/uploads\/sites\/68\/2023\/11\/bav-le-brabois_08092023_18_0_resultat_resultat-300x200.webp 300w, https:\/\/campingdulacdecazaux.fr\/wp-content\/uploads\/sites\/68\/2023\/11\/bav-le-brabois_08092023_18_0_resultat_resultat-1024x683.webp 1024w, https:\/\/campingdulacdecazaux.fr\/wp-content\/uploads\/sites\/68\/2023\/11\/bav-le-brabois_08092023_18_0_resultat_resultat-768x512.webp 768w, https:\/\/campingdulacdecazaux.fr\/wp-content\/uploads\/sites\/68\/2023\/11\/bav-le-brabois_08092023_18_0_resultat_resultat-1536x1024.webp 1536w\" sizes=\"(max-width: 1920px) 100vw, 1920px\" \/>                    <\/div>\r\n        <div class=\"gt-cta__content\">\r\n            <div class=\"gt-cta__title\">\r\n                Servicios            <\/div>\r\n        <\/div>\r\n    <\/a>\r\n<\/article>\r\n    \r\n        <article \r\n    class=\"gt-cta gt-cta--page\" \r\n    style=\"aspect-ratio:1\/1\"\r\n>\r\n    <a href=\"https:\/\/campingdulacdecazaux.fr\/es\/galeria-de-fotos\/\" title=\"Galer\u00eda de fotos\" class=\"gt-cta__link\">\r\n        <div class=\"gt-cta__thumb\">\r\n                            <img decoding=\"async\" width=\"2048\" height=\"1148\" src=\"https:\/\/campingdulacdecazaux.fr\/wp-content\/uploads\/sites\/68\/2024\/02\/enfant-bord-lac-soleli-scaled.webp\" class=\"attachment-full size-full wp-post-image\" alt=\"ni\u00f1os en el lago soleli\" srcset=\"https:\/\/campingdulacdecazaux.fr\/wp-content\/uploads\/sites\/68\/2024\/02\/enfant-bord-lac-soleli-scaled.webp 2048w, https:\/\/campingdulacdecazaux.fr\/wp-content\/uploads\/sites\/68\/2024\/02\/enfant-bord-lac-soleli-300x168.webp 300w, https:\/\/campingdulacdecazaux.fr\/wp-content\/uploads\/sites\/68\/2024\/02\/enfant-bord-lac-soleli-1024x574.webp 1024w, https:\/\/campingdulacdecazaux.fr\/wp-content\/uploads\/sites\/68\/2024\/02\/enfant-bord-lac-soleli-768x430.webp 768w, https:\/\/campingdulacdecazaux.fr\/wp-content\/uploads\/sites\/68\/2024\/02\/enfant-bord-lac-soleli-1536x861.webp 1536w\" sizes=\"(max-width: 2048px) 100vw, 2048px\" \/>                    <\/div>\r\n        <div class=\"gt-cta__content\">\r\n            <div class=\"gt-cta__title\">\r\n                Galer\u00eda de fotos            <\/div>\r\n        <\/div>\r\n    <\/a>\r\n<\/article>\r\n            \r\n<\/div><\/div>\n","protected":false},"excerpt":{"rendered":"<p>Contacto y acceso al camping Contacta con nosotros Si tienes una pregunta, una solicitud de informaci\u00f3n o simplemente quieres compartir tu experiencia, el equipo del camping cerca de La Test-de-Buch estar\u00e1 encantado de escuchar tus necesidades. Ponte en contacto con nosotros por tel\u00e9fono en el 05 56 22 22 2, por correo electr\u00f3nico: campinglacdecazaux@alphacamping.fr o [&hellip;]<\/p>\n","protected":false},"author":1,"featured_media":11556,"parent":0,"menu_order":18,"comment_status":"closed","ping_status":"closed","template":"","meta":{"_acf_changed":false,"footnotes":""},"class_list":["post-11542","page","type-page","status-publish","has-post-thumbnail","hentry"],"acf":[],"yoast_head":"<!-- This site is optimized with the Yoast SEO plugin v24.8.1 - https:\/\/yoast.com\/wordpress\/plugins\/seo\/ -->\n<title>Contacto e instrucciones para llegar al camping en Gironda<\/title>\n<meta name=\"robots\" content=\"index, follow, max-snippet:-1, max-image-preview:large, max-video-preview:-1\" \/>\n<link rel=\"canonical\" href=\"https:\/\/campingdulacdecazaux.fr\/es\/contacto-acceso\/\" \/>\n<meta property=\"og:locale\" content=\"es_ES\" \/>\n<meta property=\"og:type\" content=\"article\" \/>\n<meta property=\"og:title\" content=\"Contacto e instrucciones para llegar al camping en Gironda\" \/>\n<meta property=\"og:description\" content=\"Contacto y acceso al camping Contacta con nosotros Si tienes una pregunta, una solicitud de informaci\u00f3n o simplemente quieres compartir tu experiencia, el equipo del camping cerca de La Test-de-Buch estar\u00e1 encantado de escuchar tus necesidades. Ponte en contacto con nosotros por tel\u00e9fono en el 05 56 22 22 2, por correo electr\u00f3nico: campinglacdecazaux@alphacamping.fr o [&hellip;]\" \/>\n<meta property=\"og:url\" content=\"https:\/\/campingdulacdecazaux.fr\/es\/contacto-acceso\/\" \/>\n<meta property=\"og:site_name\" content=\"Camping Bel air Village Lac de Cazaux - Site Officiel - Meilleur Prix Garanti\" \/>\n<meta property=\"article:modified_time\" content=\"2024-07-26T08:32:08+00:00\" \/>\n<meta property=\"og:image\" content=\"http:\/\/campingdulacdecazaux.fr\/wp-content\/uploads\/sites\/68\/2024\/02\/contact-acces-camping-bel-air-village-lac-de-cazaux.webp\" \/>\n\t<meta property=\"og:image:width\" content=\"1920\" \/>\n\t<meta property=\"og:image:height\" content=\"750\" \/>\n\t<meta property=\"og:image:type\" content=\"image\/webp\" \/>\n<meta name=\"twitter:card\" content=\"summary_large_image\" \/>\n<meta name=\"twitter:label1\" content=\"Tiempo de lectura\" \/>\n\t<meta name=\"twitter:data1\" content=\"1 minuto\" \/>\n<script type=\"application\/ld+json\" class=\"yoast-schema-graph\">{\"@context\":\"https:\/\/schema.org\",\"@graph\":[{\"@type\":\"WebPage\",\"@id\":\"https:\/\/campingdulacdecazaux.fr\/es\/contacto-acceso\/\",\"url\":\"https:\/\/campingdulacdecazaux.fr\/es\/contacto-acceso\/\",\"name\":\"Contacto e instrucciones para llegar al camping en Gironda\",\"isPartOf\":{\"@id\":\"https:\/\/campingdulacdecazaux.fr\/es\/#website\"},\"primaryImageOfPage\":{\"@id\":\"https:\/\/campingdulacdecazaux.fr\/es\/contacto-acceso\/#primaryimage\"},\"image\":{\"@id\":\"https:\/\/campingdulacdecazaux.fr\/es\/contacto-acceso\/#primaryimage\"},\"thumbnailUrl\":\"https:\/\/campingdulacdecazaux.fr\/wp-content\/uploads\/sites\/68\/2024\/02\/contact-acces-camping-bel-air-village-lac-de-cazaux.webp\",\"datePublished\":\"2023-06-20T08:45:38+00:00\",\"dateModified\":\"2024-07-26T08:32:08+00:00\",\"breadcrumb\":{\"@id\":\"https:\/\/campingdulacdecazaux.fr\/es\/contacto-acceso\/#breadcrumb\"},\"inLanguage\":\"es\",\"potentialAction\":[{\"@type\":\"ReadAction\",\"target\":[\"https:\/\/campingdulacdecazaux.fr\/es\/contacto-acceso\/\"]}]},{\"@type\":\"ImageObject\",\"inLanguage\":\"es\",\"@id\":\"https:\/\/campingdulacdecazaux.fr\/es\/contacto-acceso\/#primaryimage\",\"url\":\"https:\/\/campingdulacdecazaux.fr\/wp-content\/uploads\/sites\/68\/2024\/02\/contact-acces-camping-bel-air-village-lac-de-cazaux.webp\",\"contentUrl\":\"https:\/\/campingdulacdecazaux.fr\/wp-content\/uploads\/sites\/68\/2024\/02\/contact-acces-camping-bel-air-village-lac-de-cazaux.webp\",\"width\":1920,\"height\":750,\"caption\":\"contacto acceso camping bel air village lac de cazaux\"},{\"@type\":\"BreadcrumbList\",\"@id\":\"https:\/\/campingdulacdecazaux.fr\/es\/contacto-acceso\/#breadcrumb\",\"itemListElement\":[{\"@type\":\"ListItem\",\"position\":1,\"name\":\"Bel air Village Lac de Cazaux\",\"item\":\"http:\/\/campingdulacdecazaux.fr\/es\/\"},{\"@type\":\"ListItem\",\"position\":2,\"name\":\"Contacto, direcciones\"}]},{\"@type\":\"WebSite\",\"@id\":\"https:\/\/campingdulacdecazaux.fr\/es\/#website\",\"url\":\"https:\/\/campingdulacdecazaux.fr\/es\/\",\"name\":\"Camping Bel air Village Lac de Cazaux - Site Officiel - Meilleur Prix Garanti\",\"description\":\"\",\"publisher\":{\"@id\":\"https:\/\/campingdulacdecazaux.fr\/es\/#organization\"},\"potentialAction\":[{\"@type\":\"SearchAction\",\"target\":{\"@type\":\"EntryPoint\",\"urlTemplate\":\"https:\/\/campingdulacdecazaux.fr\/es\/?s={search_term_string}\"},\"query-input\":{\"@type\":\"PropertyValueSpecification\",\"valueRequired\":true,\"valueName\":\"search_term_string\"}}],\"inLanguage\":\"es\"},{\"@type\":\"Organization\",\"@id\":\"https:\/\/campingdulacdecazaux.fr\/es\/#organization\",\"name\":\"Camping Bel air Village Lac de Cazaux - Site Officiel - Meilleur Prix Garanti\",\"url\":\"https:\/\/campingdulacdecazaux.fr\/es\/\",\"logo\":{\"@type\":\"ImageObject\",\"inLanguage\":\"es\",\"@id\":\"https:\/\/campingdulacdecazaux.fr\/es\/#\/schema\/logo\/image\/\",\"url\":\"https:\/\/campingdulacdecazaux.fr\/wp-content\/uploads\/sites\/68\/2024\/03\/logo-cazaux.png\",\"contentUrl\":\"https:\/\/campingdulacdecazaux.fr\/wp-content\/uploads\/sites\/68\/2024\/03\/logo-cazaux.png\",\"width\":2048,\"height\":847,\"caption\":\"Camping Bel air Village Lac de Cazaux - Site Officiel - Meilleur Prix Garanti\"},\"image\":{\"@id\":\"https:\/\/campingdulacdecazaux.fr\/es\/#\/schema\/logo\/image\/\"}}]}<\/script>\n<!-- \/ Yoast SEO plugin. -->","yoast_head_json":{"title":"Contacto e instrucciones para llegar al camping en Gironda","robots":{"index":"index","follow":"follow","max-snippet":"max-snippet:-1","max-image-preview":"max-image-preview:large","max-video-preview":"max-video-preview:-1"},"canonical":"https:\/\/campingdulacdecazaux.fr\/es\/contacto-acceso\/","og_locale":"es_ES","og_type":"article","og_title":"Contacto e instrucciones para llegar al camping en Gironda","og_description":"Contacto y acceso al camping Contacta con nosotros Si tienes una pregunta, una solicitud de informaci\u00f3n o simplemente quieres compartir tu experiencia, el equipo del camping cerca de La Test-de-Buch estar\u00e1 encantado de escuchar tus necesidades. Ponte en contacto con nosotros por tel\u00e9fono en el 05 56 22 22 2, por correo electr\u00f3nico: campinglacdecazaux@alphacamping.fr o [&hellip;]","og_url":"https:\/\/campingdulacdecazaux.fr\/es\/contacto-acceso\/","og_site_name":"Camping Bel air Village Lac de Cazaux - Site Officiel - Meilleur Prix Garanti","article_modified_time":"2024-07-26T08:32:08+00:00","og_image":[{"width":1920,"height":750,"url":"http:\/\/campingdulacdecazaux.fr\/wp-content\/uploads\/sites\/68\/2024\/02\/contact-acces-camping-bel-air-village-lac-de-cazaux.webp","type":"image\/webp"}],"twitter_card":"summary_large_image","twitter_misc":{"Tiempo de lectura":"1 minuto"},"schema":{"@context":"https:\/\/schema.org","@graph":[{"@type":"WebPage","@id":"https:\/\/campingdulacdecazaux.fr\/es\/contacto-acceso\/","url":"https:\/\/campingdulacdecazaux.fr\/es\/contacto-acceso\/","name":"Contacto e instrucciones para llegar al camping en Gironda","isPartOf":{"@id":"https:\/\/campingdulacdecazaux.fr\/es\/#website"},"primaryImageOfPage":{"@id":"https:\/\/campingdulacdecazaux.fr\/es\/contacto-acceso\/#primaryimage"},"image":{"@id":"https:\/\/campingdulacdecazaux.fr\/es\/contacto-acceso\/#primaryimage"},"thumbnailUrl":"https:\/\/campingdulacdecazaux.fr\/wp-content\/uploads\/sites\/68\/2024\/02\/contact-acces-camping-bel-air-village-lac-de-cazaux.webp","datePublished":"2023-06-20T08:45:38+00:00","dateModified":"2024-07-26T08:32:08+00:00","breadcrumb":{"@id":"https:\/\/campingdulacdecazaux.fr\/es\/contacto-acceso\/#breadcrumb"},"inLanguage":"es","potentialAction":[{"@type":"ReadAction","target":["https:\/\/campingdulacdecazaux.fr\/es\/contacto-acceso\/"]}]},{"@type":"ImageObject","inLanguage":"es","@id":"https:\/\/campingdulacdecazaux.fr\/es\/contacto-acceso\/#primaryimage","url":"https:\/\/campingdulacdecazaux.fr\/wp-content\/uploads\/sites\/68\/2024\/02\/contact-acces-camping-bel-air-village-lac-de-cazaux.webp","contentUrl":"https:\/\/campingdulacdecazaux.fr\/wp-content\/uploads\/sites\/68\/2024\/02\/contact-acces-camping-bel-air-village-lac-de-cazaux.webp","width":1920,"height":750,"caption":"contacto acceso camping bel air village lac de cazaux"},{"@type":"BreadcrumbList","@id":"https:\/\/campingdulacdecazaux.fr\/es\/contacto-acceso\/#breadcrumb","itemListElement":[{"@type":"ListItem","position":1,"name":"Bel air Village Lac de Cazaux","item":"http:\/\/campingdulacdecazaux.fr\/es\/"},{"@type":"ListItem","position":2,"name":"Contacto, direcciones"}]},{"@type":"WebSite","@id":"https:\/\/campingdulacdecazaux.fr\/es\/#website","url":"https:\/\/campingdulacdecazaux.fr\/es\/","name":"Camping Bel air Village Lac de Cazaux - Site Officiel - Meilleur Prix Garanti","description":"","publisher":{"@id":"https:\/\/campingdulacdecazaux.fr\/es\/#organization"},"potentialAction":[{"@type":"SearchAction","target":{"@type":"EntryPoint","urlTemplate":"https:\/\/campingdulacdecazaux.fr\/es\/?s={search_term_string}"},"query-input":{"@type":"PropertyValueSpecification","valueRequired":true,"valueName":"search_term_string"}}],"inLanguage":"es"},{"@type":"Organization","@id":"https:\/\/campingdulacdecazaux.fr\/es\/#organization","name":"Camping Bel air Village Lac de Cazaux - Site Officiel - Meilleur Prix Garanti","url":"https:\/\/campingdulacdecazaux.fr\/es\/","logo":{"@type":"ImageObject","inLanguage":"es","@id":"https:\/\/campingdulacdecazaux.fr\/es\/#\/schema\/logo\/image\/","url":"https:\/\/campingdulacdecazaux.fr\/wp-content\/uploads\/sites\/68\/2024\/03\/logo-cazaux.png","contentUrl":"https:\/\/campingdulacdecazaux.fr\/wp-content\/uploads\/sites\/68\/2024\/03\/logo-cazaux.png","width":2048,"height":847,"caption":"Camping Bel air Village Lac de Cazaux - Site Officiel - Meilleur Prix Garanti"},"image":{"@id":"https:\/\/campingdulacdecazaux.fr\/es\/#\/schema\/logo\/image\/"}}]}},"_links":{"self":[{"href":"https:\/\/campingdulacdecazaux.fr\/es\/wp-json\/wp\/v2\/pages\/11542","targetHints":{"allow":["GET"]}}],"collection":[{"href":"https:\/\/campingdulacdecazaux.fr\/es\/wp-json\/wp\/v2\/pages"}],"about":[{"href":"https:\/\/campingdulacdecazaux.fr\/es\/wp-json\/wp\/v2\/types\/page"}],"author":[{"embeddable":true,"href":"https:\/\/campingdulacdecazaux.fr\/es\/wp-json\/wp\/v2\/users\/1"}],"replies":[{"embeddable":true,"href":"https:\/\/campingdulacdecazaux.fr\/es\/wp-json\/wp\/v2\/comments?post=11542"}],"version-history":[{"count":3,"href":"https:\/\/campingdulacdecazaux.fr\/es\/wp-json\/wp\/v2\/pages\/11542\/revisions"}],"predecessor-version":[{"id":11952,"href":"https:\/\/campingdulacdecazaux.fr\/es\/wp-json\/wp\/v2\/pages\/11542\/revisions\/11952"}],"wp:featuredmedia":[{"embeddable":true,"href":"https:\/\/campingdulacdecazaux.fr\/es\/wp-json\/wp\/v2\/media\/11556"}],"wp:attachment":[{"href":"https:\/\/campingdulacdecazaux.fr\/es\/wp-json\/wp\/v2\/media?parent=11542"}],"curies":[{"name":"wp","href":"https:\/\/api.w.org\/{rel}","templated":true}]}}